{"id":121326,"date":"2024-09-03T15:30:11","date_gmt":"2024-09-03T12:30:11","guid":{"rendered":"https:\/\/www.labelprint.ro\/?page_id=121326"},"modified":"2025-04-01T16:12:54","modified_gmt":"2025-04-01T13:12:54","slug":"distributie-etichete-produse","status":"publish","type":"page","link":"https:\/\/www.labelprint.ro\/en\/distributie-etichete-produse\/","title":{"rendered":"Livrare &#038; Distributie"},"content":{"rendered":"<div data-elementor-type=\"wp-page\" data-elementor-id=\"121326\" class=\"elementor elementor-121326\" data-elementor-post-type=\"page\">\n\t\t\t\t<div class=\"elementor-element elementor-element-4cd2bd e-flex e-con-boxed e-con e-parent\" data-id=\"4cd2bd\" data-element_type=\"container\" data-e-type=\"container\" data-settings=\"{&quot;background_background&quot;:&quot;gradient&quot;}\">\n\t\t\t\t\t<div class=\"e-con-inner\">\n\t\t\t\t<div class=\"elementor-element elementor-element-5e2968b8 elementor-widget elementor-widget-heading\" data-id=\"5e2968b8\" data-element_type=\"widget\" data-e-type=\"widget\" data-widget_type=\"heading.default\">\n\t\t\t\t<div class=\"elementor-widget-container\">\n\t\t\t\t\t<h1 class=\"elementor-heading-title elementor-size-default\">Livrare &amp; Distributie<\/h1>\t\t\t\t<\/div>\n\t\t\t\t<\/div>\n\t\t\t\t<div class=\"elementor-element elementor-element-8660694 elementor-widget-divider--view-line_text elementor-widget-divider--element-align-center elementor-widget elementor-widget-divider\" data-id=\"8660694\" data-element_type=\"widget\" data-e-type=\"widget\" data-widget_type=\"divider.default\">\n\t\t\t\t<div class=\"elementor-widget-container\">\n\t\t\t\t\t\t\t<div class=\"elementor-divider\">\n\t\t\t<span class=\"elementor-divider-separator\">\n\t\t\t\t\t\t\t<span class=\"elementor-divider__text elementor-divider__element\">\n\t\t\t\tLabel Print - Print House\t\t\t\t<\/span>\n\t\t\t\t\t\t<\/span>\n\t\t<\/div>\n\t\t\t\t\t\t<\/div>\n\t\t\t\t<\/div>\n\t\t\t\t<div class=\"elementor-element elementor-element-62f9be0 elementor-widget elementor-widget-text-editor\" data-id=\"62f9be0\" data-element_type=\"widget\" data-e-type=\"widget\" data-widget_type=\"text-editor.default\">\n\t\t\t\t<div class=\"elementor-widget-container\">\n\t\t\t\t\t\t\t\t\t<p><strong>Transportul produselor<\/strong>\u00a0este asigurat prin intermediul\u00a0<strong>propriului parc auto<\/strong>\u00a0sau\u00a0<strong>firmelor de curierat<\/strong>,\u00a0<strong>produsele fiind livrate intotdeauna catre clienti indiferent de locatie.<\/strong><\/p>\t\t\t\t\t\t\t\t<\/div>\n\t\t\t\t<\/div>\n\t\t\t\t\t<\/div>\n\t\t\t\t<\/div>\n\t\t<div class=\"elementor-element elementor-element-343b45a e-flex e-con-boxed e-con e-parent\" data-id=\"343b45a\" data-element_type=\"container\" data-e-type=\"container\" data-settings=\"{&quot;background_background&quot;:&quot;classic&quot;}\">\n\t\t\t\t\t<div class=\"e-con-inner\">\n\t\t<div class=\"elementor-element elementor-element-9e329b5 e-con-full e-flex e-con e-child\" data-id=\"9e329b5\" data-element_type=\"container\" data-e-type=\"container\">\n\t\t\t\t<div class=\"elementor-element elementor-element-9cdf8ee elementor-widget elementor-widget-heading\" data-id=\"9cdf8ee\" data-element_type=\"widget\" data-e-type=\"widget\" data-widget_type=\"heading.default\">\n\t\t\t\t<div class=\"elementor-widget-container\">\n\t\t\t\t\t<p class=\"elementor-heading-title elementor-size-default\">Distribu\u021bie optimizat\u0103<\/p>\t\t\t\t<\/div>\n\t\t\t\t<\/div>\n\t\t\t\t<div class=\"elementor-element elementor-element-aa98197 elementor-widget elementor-widget-heading\" data-id=\"aa98197\" data-element_type=\"widget\" data-e-type=\"widget\" data-widget_type=\"heading.default\">\n\t\t\t\t<div class=\"elementor-widget-container\">\n\t\t\t\t\t<h2 class=\"elementor-heading-title elementor-size-default\">Livrare rapid\u0103 \u0219i distribu\u021bie eficient\u0103<\/h2>\t\t\t\t<\/div>\n\t\t\t\t<\/div>\n\t\t\t\t<div class=\"elementor-element elementor-element-e9788af elementor-widget elementor-widget-text-editor\" data-id=\"e9788af\" data-element_type=\"widget\" data-e-type=\"widget\" data-widget_type=\"text-editor.default\">\n\t\t\t\t<div class=\"elementor-widget-container\">\n\t\t\t\t\t\t\t\t\t<p>Indiferent de volumul comenzilor sau de specificul industriei, asigur\u0103m un <strong>proces de livrare<\/strong> \u0219i <strong>distribu\u021bie optimizat<\/strong> pentru nevoile companiilor. Etichetele sunt <strong>ambalate corespunz\u0103tor<\/strong>, livrate \u00een condi\u021bii de siguran\u021b\u0103 \u0219i cu trasabilitate complet\u0103.<\/p><p>Colabor\u0103m constant cu firme din retail, produc\u021bie,<strong> logistic\u0103<\/strong> \u0219i e-commerce, oferind termene de livrare flexibile, <strong>transport dedicat<\/strong> pentru comenzi sensibile \u0219i <strong>op\u021biuni personalizate<\/strong> \u00een func\u021bie de urgen\u021b\u0103 sau loca\u021bie.<\/p><p>Experien\u021ba noastr\u0103 \u00een gestionarea comenzilor B2B ne permite s\u0103 r\u0103spundem <strong>prompt \u0219i eficient<\/strong>, contribuind la continuitatea \u0219i performan\u021ba opera\u021biunilor partenerilor no\u0219tri.<\/p><p>Ne concentr\u0103m pe construirea unor<strong> rela\u021bii de \u00eencredere<\/strong>, oferind predictibilitate \u0219i transparen\u021b\u0103 \u00een fiecare etap\u0103 a <strong>procesului de livrare,<\/strong> astfel \u00eenc\u00e2t partenerii no\u0219tri s\u0103 poat\u0103 planifica f\u0103r\u0103 incertitudini.<\/p>\t\t\t\t\t\t\t\t<\/div>\n\t\t\t\t<\/div>\n\t\t\t\t<\/div>\n\t\t\t\t<div class=\"elementor-element elementor-element-0201da6 elementor-widget__width-initial elementor-widget-tablet__width-inherit elementor-widget elementor-widget-image\" data-id=\"0201da6\" data-element_type=\"widget\" data-e-type=\"widget\" data-widget_type=\"image.default\">\n\t\t\t\t<div class=\"elementor-widget-container\">\n\t\t\t\t\t\t\t\t\t\t\t\t\t\t\t<img fetchpriority=\"high\" decoding=\"async\" width=\"500\" height=\"293\" src=\"https:\/\/www.labelprint.ro\/wp-content\/uploads\/2024\/07\/Transport-lnd.jpeg\" class=\"attachment-large size-large wp-image-119312\" alt=\"\" srcset=\"https:\/\/www.labelprint.ro\/wp-content\/uploads\/2024\/07\/Transport-lnd.jpeg 500w, https:\/\/www.labelprint.ro\/wp-content\/uploads\/2024\/07\/Transport-lnd-300x176.jpeg 300w\" sizes=\"(max-width: 500px) 100vw, 500px\" \/>\t\t\t\t\t\t\t\t\t\t\t\t\t\t\t<\/div>\n\t\t\t\t<\/div>\n\t\t\t\t\t<\/div>\n\t\t\t\t<\/div>\n\t\t<div class=\"elementor-element elementor-element-2a856d26 e-flex e-con-boxed e-con e-parent\" data-id=\"2a856d26\" data-element_type=\"container\" data-e-type=\"container\" data-settings=\"{&quot;background_background&quot;:&quot;classic&quot;}\">\n\t\t\t\t\t<div class=\"e-con-inner\">\n\t\t\t\t<div class=\"elementor-element elementor-element-2243dd6 elementor-widget elementor-widget-heading\" data-id=\"2243dd6\" data-element_type=\"widget\" data-e-type=\"widget\" data-widget_type=\"heading.default\">\n\t\t\t\t<div class=\"elementor-widget-container\">\n\t\t\t\t\t<h2 class=\"elementor-heading-title elementor-size-default\">Custom solutions for any business<\/h2>\t\t\t\t<\/div>\n\t\t\t\t<\/div>\n\t\t\t\t<div class=\"elementor-element elementor-element-13c54c04 elementor-widget elementor-widget-heading\" data-id=\"13c54c04\" data-element_type=\"widget\" data-e-type=\"widget\" data-widget_type=\"heading.default\">\n\t\t\t\t<div class=\"elementor-widget-container\">\n\t\t\t\t\t<h2 class=\"elementor-heading-title elementor-size-default\"><a href=\"https:\/\/www.labelprint.ro\/en\/contact\/\">For more details.<br \/>\nif you want to say hello, click here.<\/a><\/h2>\t\t\t\t<\/div>\n\t\t\t\t<\/div>\n\t\t\t\t<div class=\"elementor-element elementor-element-7f681419 elementor-align-center elementor-widget elementor-widget-button\" data-id=\"7f681419\" data-element_type=\"widget\" data-e-type=\"widget\" data-widget_type=\"button.default\">\n\t\t\t\t<div class=\"elementor-widget-container\">\n\t\t\t\t\t\t\t\t\t<div class=\"elementor-button-wrapper\">\n\t\t\t\t\t<a class=\"elementor-button elementor-button-link elementor-size-sm elementor-animation-grow\" href=\"https:\/\/www.labelprint.ro\/en\/contact\/\">\n\t\t\t\t\t\t<span class=\"elementor-button-content-wrapper\">\n\t\t\t\t\t\t\t\t\t<span class=\"elementor-button-text\">CONTACT US<\/span>\n\t\t\t\t\t<\/span>\n\t\t\t\t\t<\/a>\n\t\t\t\t<\/div>\n\t\t\t\t\t\t\t\t<\/div>\n\t\t\t\t<\/div>\n\t\t\t\t\t<\/div>\n\t\t\t\t<\/div>\n\t\t\t\t<\/div>","protected":false},"excerpt":{"rendered":"<p>Livrare &#038; Distributie Tipografia Label Print Transportul produselor\u00a0este asigurat prin intermediul\u00a0propriului parc auto\u00a0sau\u00a0firmelor de curierat,\u00a0produsele fiind livrate intotdeauna catre clienti indiferent de locatie. Distribu\u021bie optimizat\u0103 Livrare rapid\u0103 \u0219i distribu\u021bie eficient\u0103 Indiferent de volumul comenzilor sau de specificul industriei, asigur\u0103m un proces de livrare \u0219i distribu\u021bie optimizat pentru nevoile companiilor. Etichetele sunt ambalate corespunz\u0103tor, livrate \u00een [&hellip;]<\/p>\n","protected":false},"author":2,"featured_media":119581,"parent":0,"menu_order":0,"comment_status":"closed","ping_status":"closed","template":"elementor_header_footer","meta":{"footnotes":""},"class_list":["post-121326","page","type-page","status-publish","has-post-thumbnail","hentry"],"yoast_head":"<!-- This site is optimized with the Yoast SEO Premium plugin v27.4 (Yoast SEO v27.4) - https:\/\/yoast.com\/product\/yoast-seo-premium-wordpress\/ -->\n<title>Distributie de etichete si echipamente, livrare rapida si sigura<\/title>\n<meta name=\"description\" content=\"Oferim distributie prompta pentru etichete personalizate, ambalaje si echipamente de tipar. Solutii complete, livrate la timp si suport profesionist\" \/>\n<meta name=\"robots\" content=\"noindex, follow, max-snippet:-1, max-image-preview:large, max-video-preview:-1\" \/>\n<meta property=\"og:locale\" content=\"en_GB\" \/>\n<meta property=\"og:type\" content=\"article\" \/>\n<meta property=\"og:title\" content=\"Distributie de etichete si echipamente, livrare rapida si sigura\" \/>\n<meta property=\"og:description\" content=\"Oferim distributie prompta pentru etichete personalizate, ambalaje si echipamente de tipar. Solutii complete, livrate la timp si suport profesionist\" \/>\n<meta property=\"og:url\" content=\"https:\/\/www.labelprint.ro\/en\/distributie-etichete-produse\/\" \/>\n<meta property=\"og:site_name\" content=\"Label Print\" \/>\n<meta property=\"article:publisher\" content=\"https:\/\/www.facebook.com\/LabelPrintShop\" \/>\n<meta property=\"article:modified_time\" content=\"2025-04-01T13:12:54+00:00\" \/>\n<meta property=\"og:image\" content=\"https:\/\/www.labelprint.ro\/wp-content\/uploads\/2024\/07\/Transport-3.webp\" \/>\n\t<meta property=\"og:image:width\" content=\"500\" \/>\n\t<meta property=\"og:image:height\" content=\"500\" \/>\n\t<meta property=\"og:image:type\" content=\"image\/webp\" \/>\n<meta name=\"twitter:card\" content=\"summary_large_image\" \/>\n<meta name=\"twitter:title\" content=\"Livrare &amp; Distributie\" \/>\n<meta name=\"twitter:label1\" content=\"Estimated reading time\" \/>\n\t<meta name=\"twitter:data1\" content=\"2 minutes\" \/>\n<script type=\"application\/ld+json\" class=\"yoast-schema-graph\">{\"@context\":\"https:\\\/\\\/schema.org\",\"@graph\":[{\"@type\":\"WebPage\",\"@id\":\"https:\\\/\\\/www.labelprint.ro\\\/distributie-etichete-produse\\\/\",\"url\":\"https:\\\/\\\/www.labelprint.ro\\\/distributie-etichete-produse\\\/\",\"name\":\"Distributie de etichete si echipamente, livrare rapida si sigura\",\"isPartOf\":{\"@id\":\"https:\\\/\\\/www.labelprint.ro\\\/ro\\\/#website\"},\"primaryImageOfPage\":{\"@id\":\"https:\\\/\\\/www.labelprint.ro\\\/distributie-etichete-produse\\\/#primaryimage\"},\"image\":{\"@id\":\"https:\\\/\\\/www.labelprint.ro\\\/distributie-etichete-produse\\\/#primaryimage\"},\"thumbnailUrl\":\"https:\\\/\\\/www.labelprint.ro\\\/wp-content\\\/uploads\\\/2024\\\/07\\\/Transport-3.webp\",\"datePublished\":\"2024-09-03T12:30:11+00:00\",\"dateModified\":\"2025-04-01T13:12:54+00:00\",\"description\":\"Oferim distributie prompta pentru etichete personalizate, ambalaje si echipamente de tipar. Solutii complete, livrate la timp si suport profesionist\",\"breadcrumb\":{\"@id\":\"https:\\\/\\\/www.labelprint.ro\\\/distributie-etichete-produse\\\/#breadcrumb\"},\"inLanguage\":\"en-GB\",\"potentialAction\":[{\"@type\":\"ReadAction\",\"target\":[\"https:\\\/\\\/www.labelprint.ro\\\/distributie-etichete-produse\\\/\"]}]},{\"@type\":\"ImageObject\",\"inLanguage\":\"en-GB\",\"@id\":\"https:\\\/\\\/www.labelprint.ro\\\/distributie-etichete-produse\\\/#primaryimage\",\"url\":\"https:\\\/\\\/www.labelprint.ro\\\/wp-content\\\/uploads\\\/2024\\\/07\\\/Transport-3.webp\",\"contentUrl\":\"https:\\\/\\\/www.labelprint.ro\\\/wp-content\\\/uploads\\\/2024\\\/07\\\/Transport-3.webp\",\"width\":500,\"height\":500,\"caption\":\"serviciu distributie etichete si ambalaje personalizate si nepersonalizate label print\"},{\"@type\":\"BreadcrumbList\",\"@id\":\"https:\\\/\\\/www.labelprint.ro\\\/distributie-etichete-produse\\\/#breadcrumb\",\"itemListElement\":[{\"@type\":\"ListItem\",\"position\":1,\"name\":\"Prima pagin\u0103\",\"item\":\"https:\\\/\\\/www.labelprint.ro\\\/ro\\\/\"},{\"@type\":\"ListItem\",\"position\":2,\"name\":\"Livrare &#038; Distributie\"}]},{\"@type\":\"WebSite\",\"@id\":\"https:\\\/\\\/www.labelprint.ro\\\/ro\\\/#website\",\"url\":\"https:\\\/\\\/www.labelprint.ro\\\/ro\\\/\",\"name\":\"Label Print\",\"description\":\"Tipografie Etichete Autoadezive\",\"publisher\":{\"@id\":\"https:\\\/\\\/www.labelprint.ro\\\/ro\\\/#organization\"},\"potentialAction\":[{\"@type\":\"SearchAction\",\"target\":{\"@type\":\"EntryPoint\",\"urlTemplate\":\"https:\\\/\\\/www.labelprint.ro\\\/ro\\\/?s={search_term_string}\"},\"query-input\":{\"@type\":\"PropertyValueSpecification\",\"valueRequired\":true,\"valueName\":\"search_term_string\"}}],\"inLanguage\":\"en-GB\"},{\"@type\":\"Organization\",\"@id\":\"https:\\\/\\\/www.labelprint.ro\\\/ro\\\/#organization\",\"name\":\"Label Print\",\"url\":\"https:\\\/\\\/www.labelprint.ro\\\/ro\\\/\",\"logo\":{\"@type\":\"ImageObject\",\"inLanguage\":\"en-GB\",\"@id\":\"https:\\\/\\\/www.labelprint.ro\\\/ro\\\/#\\\/schema\\\/logo\\\/image\\\/\",\"url\":\"https:\\\/\\\/www.labelprint.ro\\\/wp-content\\\/uploads\\\/2024\\\/07\\\/Label-Print_logo.png\",\"contentUrl\":\"https:\\\/\\\/www.labelprint.ro\\\/wp-content\\\/uploads\\\/2024\\\/07\\\/Label-Print_logo.png\",\"width\":1034,\"height\":373,\"caption\":\"Label Print\"},\"image\":{\"@id\":\"https:\\\/\\\/www.labelprint.ro\\\/ro\\\/#\\\/schema\\\/logo\\\/image\\\/\"},\"sameAs\":[\"https:\\\/\\\/www.facebook.com\\\/LabelPrintShop\"],\"email\":\"office@labelprint.ro\",\"telephone\":\"+40213173385\",\"foundingDate\":\"2001-01-22\",\"duns\":\"682328059\",\"numberOfEmployees\":{\"@type\":\"QuantitativeValue\",\"minValue\":\"11\",\"maxValue\":\"50\"}}]}<\/script>\n<!-- \/ Yoast SEO Premium plugin. -->","yoast_head_json":{"title":"Distributie de etichete si echipamente, livrare rapida si sigura","description":"Oferim distributie prompta pentru etichete personalizate, ambalaje si echipamente de tipar. Solutii complete, livrate la timp si suport profesionist","robots":{"index":"noindex","follow":"follow","max-snippet":"max-snippet:-1","max-image-preview":"max-image-preview:large","max-video-preview":"max-video-preview:-1"},"og_locale":"en_GB","og_type":"article","og_title":"Distributie de etichete si echipamente, livrare rapida si sigura","og_description":"Oferim distributie prompta pentru etichete personalizate, ambalaje si echipamente de tipar. Solutii complete, livrate la timp si suport profesionist","og_url":"https:\/\/www.labelprint.ro\/en\/distributie-etichete-produse\/","og_site_name":"Label Print","article_publisher":"https:\/\/www.facebook.com\/LabelPrintShop","article_modified_time":"2025-04-01T13:12:54+00:00","og_image":[{"width":500,"height":500,"url":"https:\/\/www.labelprint.ro\/wp-content\/uploads\/2024\/07\/Transport-3.webp","type":"image\/webp"}],"twitter_card":"summary_large_image","twitter_title":"Livrare & Distributie","twitter_misc":{"Estimated reading time":"2 minutes"},"schema":{"@context":"https:\/\/schema.org","@graph":[{"@type":"WebPage","@id":"https:\/\/www.labelprint.ro\/distributie-etichete-produse\/","url":"https:\/\/www.labelprint.ro\/distributie-etichete-produse\/","name":"Distributie de etichete si echipamente, livrare rapida si sigura","isPartOf":{"@id":"https:\/\/www.labelprint.ro\/ro\/#website"},"primaryImageOfPage":{"@id":"https:\/\/www.labelprint.ro\/distributie-etichete-produse\/#primaryimage"},"image":{"@id":"https:\/\/www.labelprint.ro\/distributie-etichete-produse\/#primaryimage"},"thumbnailUrl":"https:\/\/www.labelprint.ro\/wp-content\/uploads\/2024\/07\/Transport-3.webp","datePublished":"2024-09-03T12:30:11+00:00","dateModified":"2025-04-01T13:12:54+00:00","description":"Oferim distributie prompta pentru etichete personalizate, ambalaje si echipamente de tipar. Solutii complete, livrate la timp si suport profesionist","breadcrumb":{"@id":"https:\/\/www.labelprint.ro\/distributie-etichete-produse\/#breadcrumb"},"inLanguage":"en-GB","potentialAction":[{"@type":"ReadAction","target":["https:\/\/www.labelprint.ro\/distributie-etichete-produse\/"]}]},{"@type":"ImageObject","inLanguage":"en-GB","@id":"https:\/\/www.labelprint.ro\/distributie-etichete-produse\/#primaryimage","url":"https:\/\/www.labelprint.ro\/wp-content\/uploads\/2024\/07\/Transport-3.webp","contentUrl":"https:\/\/www.labelprint.ro\/wp-content\/uploads\/2024\/07\/Transport-3.webp","width":500,"height":500,"caption":"serviciu distributie etichete si ambalaje personalizate si nepersonalizate label print"},{"@type":"BreadcrumbList","@id":"https:\/\/www.labelprint.ro\/distributie-etichete-produse\/#breadcrumb","itemListElement":[{"@type":"ListItem","position":1,"name":"Prima pagin\u0103","item":"https:\/\/www.labelprint.ro\/ro\/"},{"@type":"ListItem","position":2,"name":"Livrare &#038; Distributie"}]},{"@type":"WebSite","@id":"https:\/\/www.labelprint.ro\/ro\/#website","url":"https:\/\/www.labelprint.ro\/ro\/","name":"Label Print","description":"Tipografie Etichete Autoadezive","publisher":{"@id":"https:\/\/www.labelprint.ro\/ro\/#organization"},"potentialAction":[{"@type":"SearchAction","target":{"@type":"EntryPoint","urlTemplate":"https:\/\/www.labelprint.ro\/ro\/?s={search_term_string}"},"query-input":{"@type":"PropertyValueSpecification","valueRequired":true,"valueName":"search_term_string"}}],"inLanguage":"en-GB"},{"@type":"Organization","@id":"https:\/\/www.labelprint.ro\/ro\/#organization","name":"Label Print","url":"https:\/\/www.labelprint.ro\/ro\/","logo":{"@type":"ImageObject","inLanguage":"en-GB","@id":"https:\/\/www.labelprint.ro\/ro\/#\/schema\/logo\/image\/","url":"https:\/\/www.labelprint.ro\/wp-content\/uploads\/2024\/07\/Label-Print_logo.png","contentUrl":"https:\/\/www.labelprint.ro\/wp-content\/uploads\/2024\/07\/Label-Print_logo.png","width":1034,"height":373,"caption":"Label Print"},"image":{"@id":"https:\/\/www.labelprint.ro\/ro\/#\/schema\/logo\/image\/"},"sameAs":["https:\/\/www.facebook.com\/LabelPrintShop"],"email":"office@labelprint.ro","telephone":"+40213173385","foundingDate":"2001-01-22","duns":"682328059","numberOfEmployees":{"@type":"QuantitativeValue","minValue":"11","maxValue":"50"}}]}},"_links":{"self":[{"href":"https:\/\/www.labelprint.ro\/en\/wp-json\/wp\/v2\/pages\/121326","targetHints":{"allow":["GET"]}}],"collection":[{"href":"https:\/\/www.labelprint.ro\/en\/wp-json\/wp\/v2\/pages"}],"about":[{"href":"https:\/\/www.labelprint.ro\/en\/wp-json\/wp\/v2\/types\/page"}],"author":[{"embeddable":true,"href":"https:\/\/www.labelprint.ro\/en\/wp-json\/wp\/v2\/users\/2"}],"replies":[{"embeddable":true,"href":"https:\/\/www.labelprint.ro\/en\/wp-json\/wp\/v2\/comments?post=121326"}],"version-history":[{"count":31,"href":"https:\/\/www.labelprint.ro\/en\/wp-json\/wp\/v2\/pages\/121326\/revisions"}],"predecessor-version":[{"id":124383,"href":"https:\/\/www.labelprint.ro\/en\/wp-json\/wp\/v2\/pages\/121326\/revisions\/124383"}],"wp:featuredmedia":[{"embeddable":true,"href":"https:\/\/www.labelprint.ro\/en\/wp-json\/wp\/v2\/media\/119581"}],"wp:attachment":[{"href":"https:\/\/www.labelprint.ro\/en\/wp-json\/wp\/v2\/media?parent=121326"}],"curies":[{"name":"wp","href":"https:\/\/api.w.org\/{rel}","templated":true}]}}