{"id":121228,"date":"2024-08-28T14:49:13","date_gmt":"2024-08-28T11:49:13","guid":{"rendered":"https:\/\/www.labelprint.ro\/?page_id=121228"},"modified":"2025-04-01T16:19:27","modified_gmt":"2025-04-01T13:19:27","slug":"stickere-decorative","status":"publish","type":"page","link":"https:\/\/www.labelprint.ro\/en\/stickere-decorative\/","title":{"rendered":"Stickers-decorative"},"content":{"rendered":"<div data-elementor-type=\"wp-page\" data-elementor-id=\"121228\" class=\"elementor elementor-121228\" data-elementor-post-type=\"page\">\n\t\t\t\t<div class=\"elementor-element elementor-element-e5eb00b e-flex e-con-boxed e-con e-parent\" data-id=\"e5eb00b\" data-element_type=\"container\" data-e-type=\"container\" data-settings=\"{&quot;background_background&quot;:&quot;gradient&quot;}\">\n\t\t\t\t\t<div class=\"e-con-inner\">\n\t\t\t\t<div class=\"elementor-element elementor-element-530603f8 elementor-widget elementor-widget-heading\" data-id=\"530603f8\" data-element_type=\"widget\" data-e-type=\"widget\" data-widget_type=\"heading.default\">\n\t\t\t\t<div class=\"elementor-widget-container\">\n\t\t\t\t\t<h1 class=\"elementor-heading-title elementor-size-default\">Stickers-decorative<\/h1>\t\t\t\t<\/div>\n\t\t\t\t<\/div>\n\t\t\t\t<div class=\"elementor-element elementor-element-232cbd13 elementor-widget-divider--view-line_text elementor-widget-divider--element-align-center elementor-widget elementor-widget-divider\" data-id=\"232cbd13\" data-element_type=\"widget\" data-e-type=\"widget\" data-widget_type=\"divider.default\">\n\t\t\t\t<div class=\"elementor-widget-container\">\n\t\t\t\t\t\t\t<div class=\"elementor-divider\">\n\t\t\t<span class=\"elementor-divider-separator\">\n\t\t\t\t\t\t\t<span class=\"elementor-divider__text elementor-divider__element\">\n\t\t\t\tLabel Print - Print House\t\t\t\t<\/span>\n\t\t\t\t\t\t<\/span>\n\t\t<\/div>\n\t\t\t\t\t\t<\/div>\n\t\t\t\t<\/div>\n\t\t\t\t<div class=\"elementor-element elementor-element-7de11740 elementor-widget elementor-widget-text-editor\" data-id=\"7de11740\" data-element_type=\"widget\" data-e-type=\"widget\" data-widget_type=\"text-editor.default\">\n\t\t\t\t<div class=\"elementor-widget-container\">\n\t\t\t\t\t\t\t\t\t<p>Stickerele decorative sunt solu\u021bia ideal\u0103 pentru <strong>personalizarea \u0219i \u00eenfrumuse\u021barea<\/strong> diverselor obiecte, oferind posibilitatea de a ad\u0103uga o <strong>amprent\u0103 unic\u0103<\/strong> produselor.<\/p>\t\t\t\t\t\t\t\t<\/div>\n\t\t\t\t<\/div>\n\t\t\t\t\t<\/div>\n\t\t\t\t<\/div>\n\t\t<div class=\"elementor-element elementor-element-33e9945 e-grid e-con-boxed e-con e-parent\" data-id=\"33e9945\" data-element_type=\"container\" data-e-type=\"container\">\n\t\t\t\t\t<div class=\"e-con-inner\">\n\t\t\t\t<div class=\"elementor-element elementor-element-fdc886d elementor-cta--layout-image-above elementor-cta--skin-classic elementor-animated-content elementor-bg-transform elementor-bg-transform-zoom-in elementor-widget elementor-widget-call-to-action\" data-id=\"fdc886d\" data-element_type=\"widget\" data-e-type=\"widget\" data-widget_type=\"call-to-action.default\">\n\t\t\t\t<div class=\"elementor-widget-container\">\n\t\t\t\t\t\t\t<div class=\"elementor-cta\">\n\t\t\t\t\t<div class=\"elementor-cta__bg-wrapper\">\n\t\t\t\t<div class=\"elementor-cta__bg elementor-bg\" style=\"background-image: url(https:\/\/www.labelprint.ro\/wp-content\/uploads\/2024\/07\/masinuta-1.jpg);\" role=\"img\" aria-label=\"masinuta-1\"><\/div>\n\t\t\t\t<div class=\"elementor-cta__bg-overlay\"><\/div>\n\t\t\t<\/div>\n\t\t\t\t\t\t\t<div class=\"elementor-cta__content\">\n\t\t\t\t\n\t\t\t\t\n\t\t\t\t\t\t\t\t\t<div class=\"elementor-cta__description elementor-cta__content-item elementor-content-item\">\n\t\t\t\t\t\tVersatilitatea\u00a0<strong>stickerelor decorative<\/strong>\u00a0este infinita. Stickerele decorative fac deliciul celor care isi doresc sa aduca\u00a0<strong>o amprenta personala<\/strong>\u00a0asupra unui obiect, fiind disponibile intr-o\u00a0<strong>varietate de dimensiuni, forme, culori si materiale<\/strong>.<br \/><br \/>\n\nEle pot fi realizate\u00a0<strong>la comanda<\/strong>\u00a0pentru orice ocazie,\u00a0<strong>in scop decorativ sau personalizare<\/strong>.<br \/><br \/>\n\nDisponibile \u00eentr-o gam\u0103 variat\u0103 de dimensiuni, forme, culori \u0219i materiale, acestea pot fi realizate conform cerin\u021belor specifice ale fiec\u0103rui client, fiind potrivite pentru o gam\u0103 larg\u0103 de aplica\u021bii \u2013 de la personalizarea sticlelor de vin, la accesorii, obiecte de birou sau chiar decorarea pere\u021bilor. Stickerele noastre sunt concepute pentru a reflecta creativitatea \u0219i stilul unic al fiec\u0103rui client.\t\t\t\t\t<\/div>\n\t\t\t\t\n\t\t\t\t\t\t\t<\/div>\n\t\t\t\t\t\t<\/div>\n\t\t\t\t\t\t<\/div>\n\t\t\t\t<\/div>\n\t\t\t\t<div class=\"elementor-element elementor-element-744e225 elementor-cta--skin-classic elementor-animated-content elementor-bg-transform elementor-bg-transform-zoom-in elementor-widget elementor-widget-call-to-action\" data-id=\"744e225\" data-element_type=\"widget\" data-e-type=\"widget\" data-widget_type=\"call-to-action.default\">\n\t\t\t\t<div class=\"elementor-widget-container\">\n\t\t\t\t\t\t\t<div class=\"elementor-cta\">\n\t\t\t\t\t<div class=\"elementor-cta__bg-wrapper\">\n\t\t\t\t<div class=\"elementor-cta__bg elementor-bg\" style=\"background-image: url(https:\/\/www.labelprint.ro\/wp-content\/uploads\/2024\/07\/vinuri-personalizate-2.jpg);\" role=\"img\" aria-label=\"vinuri-personalizate-2\"><\/div>\n\t\t\t\t<div class=\"elementor-cta__bg-overlay\"><\/div>\n\t\t\t<\/div>\n\t\t\t\t\t\t\t<div class=\"elementor-cta__content\">\n\t\t\t\t\n\t\t\t\t\n\t\t\t\t\t\t\t\t\t<div class=\"elementor-cta__description elementor-cta__content-item elementor-content-item\">\n\t\t\t\t\t\t<strong>Stickere pentru sticle de vin, adrese, hainute pentru copii, pereti, laptopuri, skateboard-uri<\/strong>\u00a0sunt doar cateva din multitudinea de\u00a0<strong>aplicatii<\/strong>\u00a0in care se pot regasi.<br \/><br \/>\n\n<strong>Creativitatea<\/strong>\u00a0este la cote maxime cand vine vorba despre acest\u00a0<strong>tip de stickere<\/strong>\u00a0\u2013 poti sa dai viata emotiilor pe care le-ai resimtit de-a lungul vietii,\u00a0<strong>personajului preferat<\/strong>\u00a0de desene animate sau unei\u00a0<strong>creaturi misterioase<\/strong>\u00a0pe care doar tu ai intalnit-o.<br \/><br \/>\n\nEvenimentele precum\u00a0<strong>nuntile<\/strong>, ce pot depasi sfera conventionalului, sau un simplu\u00a0<strong>articol de imbracaminte<\/strong>\u00a0al copilului care il ajuta la gradinita pentru identificarea mai usoara, vor purta\u00a0<strong>marca proprie<\/strong>, accentuand caracterul unic care exista in mod natural.\n\nDac\u0103 ai nevoie de ajutor pentru a alege cea mai buna\u00a0<strong>combinatie de culori<\/strong>\u00a0si imagini, suntem aici pentru tine!\t\t\t\t\t<\/div>\n\t\t\t\t\n\t\t\t\t\t\t\t<\/div>\n\t\t\t\t\t\t<\/div>\n\t\t\t\t\t\t<\/div>\n\t\t\t\t<\/div>\n\t\t\t\t\t<\/div>\n\t\t\t\t<\/div>\n\t\t<div class=\"elementor-element elementor-element-7522bbfb e-flex e-con-boxed e-con e-parent\" data-id=\"7522bbfb\" data-element_type=\"container\" data-e-type=\"container\" data-settings=\"{&quot;background_background&quot;:&quot;classic&quot;}\">\n\t\t\t\t\t<div class=\"e-con-inner\">\n\t\t\t\t<div class=\"elementor-element elementor-element-5d824c0e elementor-widget elementor-widget-heading\" data-id=\"5d824c0e\" data-element_type=\"widget\" data-e-type=\"widget\" data-widget_type=\"heading.default\">\n\t\t\t\t<div class=\"elementor-widget-container\">\n\t\t\t\t\t<h2 class=\"elementor-heading-title elementor-size-default\">Custom solutions for any business<\/h2>\t\t\t\t<\/div>\n\t\t\t\t<\/div>\n\t\t\t\t<div class=\"elementor-element elementor-element-61d93d8d elementor-widget elementor-widget-heading\" data-id=\"61d93d8d\" data-element_type=\"widget\" data-e-type=\"widget\" data-widget_type=\"heading.default\">\n\t\t\t\t<div class=\"elementor-widget-container\">\n\t\t\t\t\t<h2 class=\"elementor-heading-title elementor-size-default\"><a href=\"https:\/\/www.labelprint.ro\/en\/contact\/\">For more details.<br \/>\nif you want to say hello, click here.<\/a><\/h2>\t\t\t\t<\/div>\n\t\t\t\t<\/div>\n\t\t\t\t<div class=\"elementor-element elementor-element-288d739b elementor-align-center elementor-widget elementor-widget-button\" data-id=\"288d739b\" data-element_type=\"widget\" data-e-type=\"widget\" data-widget_type=\"button.default\">\n\t\t\t\t<div class=\"elementor-widget-container\">\n\t\t\t\t\t\t\t\t\t<div class=\"elementor-button-wrapper\">\n\t\t\t\t\t<a class=\"elementor-button elementor-button-link elementor-size-sm elementor-animation-grow\" href=\"https:\/\/www.labelprint.ro\/en\/contact\/\">\n\t\t\t\t\t\t<span class=\"elementor-button-content-wrapper\">\n\t\t\t\t\t\t\t\t\t<span class=\"elementor-button-text\">CONTACT US<\/span>\n\t\t\t\t\t<\/span>\n\t\t\t\t\t<\/a>\n\t\t\t\t<\/div>\n\t\t\t\t\t\t\t\t<\/div>\n\t\t\t\t<\/div>\n\t\t\t\t\t<\/div>\n\t\t\t\t<\/div>\n\t\t\t\t<\/div>","protected":false},"excerpt":{"rendered":"<p>Stickere decorative Tipografia Label Print Stickerele decorative sunt solu\u021bia ideal\u0103 pentru personalizarea \u0219i \u00eenfrumuse\u021barea diverselor obiecte, oferind posibilitatea de a ad\u0103uga o amprent\u0103 unic\u0103 produselor. Versatilitatea\u00a0stickerelor decorative\u00a0este infinita. Stickerele decorative fac deliciul celor care isi doresc sa aduca\u00a0o amprenta personala\u00a0asupra unui obiect, fiind disponibile intr-o\u00a0varietate de dimensiuni, forme, culori si materiale. Ele pot fi realizate\u00a0la [&hellip;]<\/p>\n","protected":false},"author":2,"featured_media":0,"parent":0,"menu_order":0,"comment_status":"closed","ping_status":"closed","template":"elementor_header_footer","meta":{"footnotes":""},"class_list":["post-121228","page","type-page","status-publish","hentry"],"yoast_head":"<!-- This site is optimized with the Yoast SEO Premium plugin v27.4 (Yoast SEO v27.4) - https:\/\/yoast.com\/product\/yoast-seo-premium-wordpress\/ -->\n<title>Stickere decorative, solutii creative si profesionale<\/title>\n<meta name=\"description\" content=\"Stickere decorative personalizate, perfecte pentru etichetarea produselor tale. Solu\u021bii creative \u0219i profesionale pentru orice nevoie.\" \/>\n<meta name=\"robots\" content=\"noindex, follow, max-snippet:-1, max-image-preview:large, max-video-preview:-1\" \/>\n<meta property=\"og:locale\" content=\"en_GB\" \/>\n<meta property=\"og:type\" content=\"article\" \/>\n<meta property=\"og:title\" content=\"Stickere decorative, solutii creative si profesionale\" \/>\n<meta property=\"og:description\" content=\"Stickere decorative personalizate, perfecte pentru etichetarea produselor tale. Solu\u021bii creative \u0219i profesionale pentru orice nevoie.\" \/>\n<meta property=\"og:url\" content=\"https:\/\/www.labelprint.ro\/en\/stickere-decorative\/\" \/>\n<meta property=\"og:site_name\" content=\"Label Print\" \/>\n<meta property=\"article:publisher\" content=\"https:\/\/www.facebook.com\/LabelPrintShop\" \/>\n<meta property=\"article:modified_time\" content=\"2025-04-01T13:19:27+00:00\" \/>\n<meta name=\"twitter:card\" content=\"summary_large_image\" \/>\n<meta name=\"twitter:title\" content=\"Stickere decorative\" \/>\n<meta name=\"twitter:label1\" content=\"Estimated reading time\" \/>\n\t<meta name=\"twitter:data1\" content=\"2 minutes\" \/>\n<script type=\"application\/ld+json\" class=\"yoast-schema-graph\">{\"@context\":\"https:\\\/\\\/schema.org\",\"@graph\":[{\"@type\":\"WebPage\",\"@id\":\"https:\\\/\\\/www.labelprint.ro\\\/ro\\\/stickere-decorative\\\/\",\"url\":\"https:\\\/\\\/www.labelprint.ro\\\/ro\\\/stickere-decorative\\\/\",\"name\":\"Stickere decorative, solutii creative si profesionale\",\"isPartOf\":{\"@id\":\"https:\\\/\\\/www.labelprint.ro\\\/ro\\\/#website\"},\"datePublished\":\"2024-08-28T11:49:13+00:00\",\"dateModified\":\"2025-04-01T13:19:27+00:00\",\"description\":\"Stickere decorative personalizate, perfecte pentru etichetarea produselor tale. Solu\u021bii creative \u0219i profesionale pentru orice nevoie.\",\"breadcrumb\":{\"@id\":\"https:\\\/\\\/www.labelprint.ro\\\/ro\\\/stickere-decorative\\\/#breadcrumb\"},\"inLanguage\":\"en-GB\",\"potentialAction\":[{\"@type\":\"ReadAction\",\"target\":[\"https:\\\/\\\/www.labelprint.ro\\\/ro\\\/stickere-decorative\\\/\"]}]},{\"@type\":\"BreadcrumbList\",\"@id\":\"https:\\\/\\\/www.labelprint.ro\\\/ro\\\/stickere-decorative\\\/#breadcrumb\",\"itemListElement\":[{\"@type\":\"ListItem\",\"position\":1,\"name\":\"Prima pagin\u0103\",\"item\":\"https:\\\/\\\/www.labelprint.ro\\\/ro\\\/\"},{\"@type\":\"ListItem\",\"position\":2,\"name\":\"Stickere decorative\"}]},{\"@type\":\"WebSite\",\"@id\":\"https:\\\/\\\/www.labelprint.ro\\\/ro\\\/#website\",\"url\":\"https:\\\/\\\/www.labelprint.ro\\\/ro\\\/\",\"name\":\"Label Print\",\"description\":\"Tipografie Etichete Autoadezive\",\"publisher\":{\"@id\":\"https:\\\/\\\/www.labelprint.ro\\\/ro\\\/#organization\"},\"potentialAction\":[{\"@type\":\"SearchAction\",\"target\":{\"@type\":\"EntryPoint\",\"urlTemplate\":\"https:\\\/\\\/www.labelprint.ro\\\/ro\\\/?s={search_term_string}\"},\"query-input\":{\"@type\":\"PropertyValueSpecification\",\"valueRequired\":true,\"valueName\":\"search_term_string\"}}],\"inLanguage\":\"en-GB\"},{\"@type\":\"Organization\",\"@id\":\"https:\\\/\\\/www.labelprint.ro\\\/ro\\\/#organization\",\"name\":\"Label Print\",\"url\":\"https:\\\/\\\/www.labelprint.ro\\\/ro\\\/\",\"logo\":{\"@type\":\"ImageObject\",\"inLanguage\":\"en-GB\",\"@id\":\"https:\\\/\\\/www.labelprint.ro\\\/ro\\\/#\\\/schema\\\/logo\\\/image\\\/\",\"url\":\"https:\\\/\\\/www.labelprint.ro\\\/wp-content\\\/uploads\\\/2024\\\/07\\\/Label-Print_logo.png\",\"contentUrl\":\"https:\\\/\\\/www.labelprint.ro\\\/wp-content\\\/uploads\\\/2024\\\/07\\\/Label-Print_logo.png\",\"width\":1034,\"height\":373,\"caption\":\"Label Print\"},\"image\":{\"@id\":\"https:\\\/\\\/www.labelprint.ro\\\/ro\\\/#\\\/schema\\\/logo\\\/image\\\/\"},\"sameAs\":[\"https:\\\/\\\/www.facebook.com\\\/LabelPrintShop\"],\"email\":\"office@labelprint.ro\",\"telephone\":\"+40213173385\",\"foundingDate\":\"2001-01-22\",\"duns\":\"682328059\",\"numberOfEmployees\":{\"@type\":\"QuantitativeValue\",\"minValue\":\"11\",\"maxValue\":\"50\"}}]}<\/script>\n<!-- \/ Yoast SEO Premium plugin. -->","yoast_head_json":{"title":"Stickere decorative, solutii creative si profesionale","description":"Stickere decorative personalizate, perfecte pentru etichetarea produselor tale. Solu\u021bii creative \u0219i profesionale pentru orice nevoie.","robots":{"index":"noindex","follow":"follow","max-snippet":"max-snippet:-1","max-image-preview":"max-image-preview:large","max-video-preview":"max-video-preview:-1"},"og_locale":"en_GB","og_type":"article","og_title":"Stickere decorative, solutii creative si profesionale","og_description":"Stickere decorative personalizate, perfecte pentru etichetarea produselor tale. Solu\u021bii creative \u0219i profesionale pentru orice nevoie.","og_url":"https:\/\/www.labelprint.ro\/en\/stickere-decorative\/","og_site_name":"Label Print","article_publisher":"https:\/\/www.facebook.com\/LabelPrintShop","article_modified_time":"2025-04-01T13:19:27+00:00","twitter_card":"summary_large_image","twitter_title":"Stickere decorative","twitter_misc":{"Estimated reading time":"2 minutes"},"schema":{"@context":"https:\/\/schema.org","@graph":[{"@type":"WebPage","@id":"https:\/\/www.labelprint.ro\/ro\/stickere-decorative\/","url":"https:\/\/www.labelprint.ro\/ro\/stickere-decorative\/","name":"Stickere decorative, solutii creative si profesionale","isPartOf":{"@id":"https:\/\/www.labelprint.ro\/ro\/#website"},"datePublished":"2024-08-28T11:49:13+00:00","dateModified":"2025-04-01T13:19:27+00:00","description":"Stickere decorative personalizate, perfecte pentru etichetarea produselor tale. Solu\u021bii creative \u0219i profesionale pentru orice nevoie.","breadcrumb":{"@id":"https:\/\/www.labelprint.ro\/ro\/stickere-decorative\/#breadcrumb"},"inLanguage":"en-GB","potentialAction":[{"@type":"ReadAction","target":["https:\/\/www.labelprint.ro\/ro\/stickere-decorative\/"]}]},{"@type":"BreadcrumbList","@id":"https:\/\/www.labelprint.ro\/ro\/stickere-decorative\/#breadcrumb","itemListElement":[{"@type":"ListItem","position":1,"name":"Prima pagin\u0103","item":"https:\/\/www.labelprint.ro\/ro\/"},{"@type":"ListItem","position":2,"name":"Stickere decorative"}]},{"@type":"WebSite","@id":"https:\/\/www.labelprint.ro\/ro\/#website","url":"https:\/\/www.labelprint.ro\/ro\/","name":"Label Print","description":"Tipografie Etichete Autoadezive","publisher":{"@id":"https:\/\/www.labelprint.ro\/ro\/#organization"},"potentialAction":[{"@type":"SearchAction","target":{"@type":"EntryPoint","urlTemplate":"https:\/\/www.labelprint.ro\/ro\/?s={search_term_string}"},"query-input":{"@type":"PropertyValueSpecification","valueRequired":true,"valueName":"search_term_string"}}],"inLanguage":"en-GB"},{"@type":"Organization","@id":"https:\/\/www.labelprint.ro\/ro\/#organization","name":"Label Print","url":"https:\/\/www.labelprint.ro\/ro\/","logo":{"@type":"ImageObject","inLanguage":"en-GB","@id":"https:\/\/www.labelprint.ro\/ro\/#\/schema\/logo\/image\/","url":"https:\/\/www.labelprint.ro\/wp-content\/uploads\/2024\/07\/Label-Print_logo.png","contentUrl":"https:\/\/www.labelprint.ro\/wp-content\/uploads\/2024\/07\/Label-Print_logo.png","width":1034,"height":373,"caption":"Label Print"},"image":{"@id":"https:\/\/www.labelprint.ro\/ro\/#\/schema\/logo\/image\/"},"sameAs":["https:\/\/www.facebook.com\/LabelPrintShop"],"email":"office@labelprint.ro","telephone":"+40213173385","foundingDate":"2001-01-22","duns":"682328059","numberOfEmployees":{"@type":"QuantitativeValue","minValue":"11","maxValue":"50"}}]}},"_links":{"self":[{"href":"https:\/\/www.labelprint.ro\/en\/wp-json\/wp\/v2\/pages\/121228","targetHints":{"allow":["GET"]}}],"collection":[{"href":"https:\/\/www.labelprint.ro\/en\/wp-json\/wp\/v2\/pages"}],"about":[{"href":"https:\/\/www.labelprint.ro\/en\/wp-json\/wp\/v2\/types\/page"}],"author":[{"embeddable":true,"href":"https:\/\/www.labelprint.ro\/en\/wp-json\/wp\/v2\/users\/2"}],"replies":[{"embeddable":true,"href":"https:\/\/www.labelprint.ro\/en\/wp-json\/wp\/v2\/comments?post=121228"}],"version-history":[{"count":22,"href":"https:\/\/www.labelprint.ro\/en\/wp-json\/wp\/v2\/pages\/121228\/revisions"}],"predecessor-version":[{"id":124148,"href":"https:\/\/www.labelprint.ro\/en\/wp-json\/wp\/v2\/pages\/121228\/revisions\/124148"}],"wp:attachment":[{"href":"https:\/\/www.labelprint.ro\/en\/wp-json\/wp\/v2\/media?parent=121228"}],"curies":[{"name":"wp","href":"https:\/\/api.w.org\/{rel}","templated":true}]}}