{"id":120557,"date":"2024-08-09T18:28:35","date_gmt":"2024-08-09T15:28:35","guid":{"rendered":"https:\/\/www.labelprint.ro\/?page_id=120557"},"modified":"2025-04-01T16:12:10","modified_gmt":"2025-04-01T13:12:10","slug":"produse-distribuite-labelprint","status":"publish","type":"page","link":"https:\/\/www.labelprint.ro\/en\/produse-distribuite-labelprint\/","title":{"rendered":"The products are distributed Label Print"},"content":{"rendered":"<div data-elementor-type=\"wp-page\" data-elementor-id=\"120557\" class=\"elementor elementor-120557\" data-elementor-post-type=\"page\">\n\t\t\t\t<div class=\"elementor-element elementor-element-26959419 e-flex e-con-boxed e-con e-parent\" data-id=\"26959419\" data-element_type=\"container\" data-e-type=\"container\" data-settings=\"{&quot;background_background&quot;:&quot;gradient&quot;}\">\n\t\t\t\t\t<div class=\"e-con-inner\">\n\t\t\t\t<div class=\"elementor-element elementor-element-2f140940 elementor-widget elementor-widget-heading\" data-id=\"2f140940\" data-element_type=\"widget\" data-e-type=\"widget\" data-widget_type=\"heading.default\">\n\t\t\t\t<div class=\"elementor-widget-container\">\n\t\t\t\t\t<h1 class=\"elementor-heading-title elementor-size-default\">The products are distributed Label Print<\/h1>\t\t\t\t<\/div>\n\t\t\t\t<\/div>\n\t\t\t\t<div class=\"elementor-element elementor-element-787540a3 elementor-widget-divider--view-line_text elementor-widget-divider--element-align-center elementor-widget elementor-widget-divider\" data-id=\"787540a3\" data-element_type=\"widget\" data-e-type=\"widget\" data-widget_type=\"divider.default\">\n\t\t\t\t<div class=\"elementor-widget-container\">\n\t\t\t\t\t\t\t<div class=\"elementor-divider\">\n\t\t\t<span class=\"elementor-divider-separator\">\n\t\t\t\t\t\t\t<span class=\"elementor-divider__text elementor-divider__element\">\n\t\t\t\tLabel Print - Print House\t\t\t\t<\/span>\n\t\t\t\t\t\t<\/span>\n\t\t<\/div>\n\t\t\t\t\t\t<\/div>\n\t\t\t\t<\/div>\n\t\t\t\t<div class=\"elementor-element elementor-element-3cefee59 elementor-widget elementor-widget-text-editor\" data-id=\"3cefee59\" data-element_type=\"widget\" data-e-type=\"widget\" data-widget_type=\"text-editor.default\">\n\t\t\t\t<div class=\"elementor-widget-container\">\n\t\t\t\t\t\t\t\t\t<p><strong>Label Print<\/strong> ofer\u0103 o gam\u0103 complet\u0103 de produse <strong>destinate<\/strong> optimiz\u0103rii <strong>proceselor de etichetare<\/strong>, inclusiv imprimante de etichete, riboane transfer termic, cititoare de coduri de bare \u0219i sisteme de imprimare etichete. Aceste <strong>solu\u021bii<\/strong> sunt esen\u021biale pentru companiile care doresc s\u0103 \u00ee\u0219i automatizeze \u0219i s\u0103 \u00ee<strong>mbun\u0103t\u0103\u021beasc\u0103<\/strong> eficien\u021ba proceselor de etichetare, oferind<strong> fiabilitate, vitez\u0103 \u0219i calitate constant\u0103<\/strong>. Fiecare <strong>produs distribuit<\/strong> de noi este <strong>ales cu aten\u021bie<\/strong> pentru a r\u0103spunde <strong>nevoilor specifice<\/strong> ale industriei dumneavoastr\u0103, garant\u00e2nd astfel <strong>performan\u021b\u0103 optim\u0103<\/strong> pe termen lung.<\/p>\t\t\t\t\t\t\t\t<\/div>\n\t\t\t\t<\/div>\n\t\t\t\t\t<\/div>\n\t\t\t\t<\/div>\n\t\t<div class=\"elementor-element elementor-element-d1160dc e-grid e-con-boxed e-con e-parent\" data-id=\"d1160dc\" data-element_type=\"container\" data-e-type=\"container\" data-settings=\"{&quot;background_background&quot;:&quot;classic&quot;}\">\n\t\t\t\t\t<div class=\"e-con-inner\">\n\t\t\t\t<div class=\"elementor-element elementor-element-257fe7e elementor-cta--skin-cover elementor-cta--valign-bottom elementor-widget__width-inherit elementor-invisible elementor-widget elementor-widget-call-to-action\" data-id=\"257fe7e\" data-element_type=\"widget\" data-e-type=\"widget\" data-settings=\"{&quot;_animation&quot;:&quot;fadeInUp&quot;}\" data-widget_type=\"call-to-action.default\">\n\t\t\t\t<div class=\"elementor-widget-container\">\n\t\t\t\t\t\t\t<div class=\"elementor-cta\">\n\t\t\t\t\t<div class=\"elementor-cta__bg-wrapper\">\n\t\t\t\t<div class=\"elementor-cta__bg elementor-bg\" style=\"background-image: url(https:\/\/www.labelprint.ro\/wp-content\/uploads\/2024\/07\/imprimanta-etichete-autocolante-godex-g500ues-203dpi-usb-serial-ethernet-copie-814-6397.webp);\" role=\"img\" aria-label=\"Imprimanta etichete autocolante Godex EZ2250I, 203DPI, USB, Serial, Ethernet volum mediu\"><\/div>\n\t\t\t\t<div class=\"elementor-cta__bg-overlay\"><\/div>\n\t\t\t<\/div>\n\t\t\t\t\t\t\t<div class=\"elementor-cta__content\">\n\t\t\t\t\n\t\t\t\t\t\t\t\t\t<span class=\"elementor-cta__title elementor-cta__content-item elementor-content-item\">\n\t\t\t\t\t\tIMPRIMANTE TERMICE<br \/>DE ETICHETE\t\t\t\t\t<\/span>\n\t\t\t\t\n\t\t\t\t\t\t\t\t\t<div class=\"elementor-cta__description elementor-cta__content-item elementor-content-item\">\n\t\t\t\t\t\tImprimantele termice de etichete sunt ideale pentru companiile care gestioneaz\u0103 un volum mare de produse \u0219i date variabile. Acestea permit imprimarea rapid\u0103 a etichetelor personalizate, cum ar fi coduri de bare, informa\u021bii de lot, etc.\t\t\t\t\t<\/div>\n\t\t\t\t\n\t\t\t\t\t\t\t\t\t<div class=\"elementor-cta__button-wrapper elementor-cta__content-item elementor-content-item\">\n\t\t\t\t\t<a class=\"elementor-cta__button elementor-button elementor-size-\" href=\"\/en\/etichete-de-pret\/\">\n\t\t\t\t\t\tFind out more\t\t\t\t\t<\/a>\n\t\t\t\t\t<\/div>\n\t\t\t\t\t\t\t<\/div>\n\t\t\t\t\t\t<\/div>\n\t\t\t\t\t\t<\/div>\n\t\t\t\t<\/div>\n\t\t\t\t<div class=\"elementor-element elementor-element-3a5f4cb elementor-cta--skin-cover elementor-cta--valign-bottom elementor-widget__width-inherit elementor-invisible elementor-widget elementor-widget-call-to-action\" data-id=\"3a5f4cb\" data-element_type=\"widget\" data-e-type=\"widget\" data-settings=\"{&quot;_animation&quot;:&quot;fadeInUp&quot;}\" data-widget_type=\"call-to-action.default\">\n\t\t\t\t<div class=\"elementor-widget-container\">\n\t\t\t\t\t\t\t<div class=\"elementor-cta\">\n\t\t\t\t\t<div class=\"elementor-cta__bg-wrapper\">\n\t\t\t\t<div class=\"elementor-cta__bg elementor-bg\" style=\"background-image: url(https:\/\/www.labelprint.ro\/wp-content\/uploads\/2024\/09\/colored-ribbons.jpg);\" role=\"img\" aria-label=\"riboane imprimante termice\"><\/div>\n\t\t\t\t<div class=\"elementor-cta__bg-overlay\"><\/div>\n\t\t\t<\/div>\n\t\t\t\t\t\t\t<div class=\"elementor-cta__content\">\n\t\t\t\t\n\t\t\t\t\t\t\t\t\t<span class=\"elementor-cta__title elementor-cta__content-item elementor-content-item\">\n\t\t\t\t\t\tRIBOANE<br> WAX &amp; RESIN\t\t\t\t\t<\/span>\n\t\t\t\t\n\t\t\t\t\t\t\t\t\t<div class=\"elementor-cta__description elementor-cta__content-item elementor-content-item\">\n\t\t\t\t\t\tImprimarea de calitate a etichetelor, indiferent de tipul de substrat sau mediul de aplicare, necesit\u0103 utilizarea unor riboane de calitate. Exist\u0103 o gam\u0103 variat\u0103 de materiale \u0219i culori, care permit o etichetare eficient\u0103.\t\t\t\t\t<\/div>\n\t\t\t\t\n\t\t\t\t\t\t\t\t\t<div class=\"elementor-cta__button-wrapper elementor-cta__content-item elementor-content-item\">\n\t\t\t\t\t<a class=\"elementor-cta__button elementor-button elementor-size-\" href=\"\/en\/ribon-transfer-termic\/\">\n\t\t\t\t\t\tFind out more\t\t\t\t\t<\/a>\n\t\t\t\t\t<\/div>\n\t\t\t\t\t\t\t<\/div>\n\t\t\t\t\t\t<\/div>\n\t\t\t\t\t\t<\/div>\n\t\t\t\t<\/div>\n\t\t\t\t<div class=\"elementor-element elementor-element-2282aaa elementor-cta--skin-cover elementor-cta--valign-bottom elementor-widget__width-inherit elementor-invisible elementor-widget elementor-widget-call-to-action\" data-id=\"2282aaa\" data-element_type=\"widget\" data-e-type=\"widget\" data-settings=\"{&quot;_animation&quot;:&quot;fadeInUp&quot;}\" data-widget_type=\"call-to-action.default\">\n\t\t\t\t<div class=\"elementor-widget-container\">\n\t\t\t\t\t\t\t<div class=\"elementor-cta\">\n\t\t\t\t\t<div class=\"elementor-cta__bg-wrapper\">\n\t\t\t\t<div class=\"elementor-cta__bg elementor-bg\" style=\"background-image: url(https:\/\/www.labelprint.ro\/wp-content\/uploads\/2024\/07\/roluitor-1.jpg);\" role=\"img\" aria-label=\"roluitor-1\"><\/div>\n\t\t\t\t<div class=\"elementor-cta__bg-overlay\"><\/div>\n\t\t\t<\/div>\n\t\t\t\t\t\t\t<div class=\"elementor-cta__content\">\n\t\t\t\t\n\t\t\t\t\t\t\t\t\t<span class=\"elementor-cta__title elementor-cta__content-item elementor-content-item\">\n\t\t\t\t\t\tSISTEM DE IMRPIMARE<br>Labels\t\t\t\t\t<\/span>\n\t\t\t\t\n\t\t\t\t\t\t\t\t\t<div class=\"elementor-cta__description elementor-cta__content-item elementor-content-item\">\n\t\t\t\t\t\tSolutiile de automatizare ambalare cu benzi transportoare oferite de noi cresc productivitatea si eficienta intr-o gama larga de ramuri industriale, in conditii dificile, in procese de productie continue si \/ sau de mare viteza.\t\t\t\t\t<\/div>\n\t\t\t\t\n\t\t\t\t\t\t\t\t\t<div class=\"elementor-cta__button-wrapper elementor-cta__content-item elementor-content-item\">\n\t\t\t\t\t<a class=\"elementor-cta__button elementor-button elementor-size-\" href=\"\/en\/sistem-de-imprimare-etichete\/\">\n\t\t\t\t\t\tFind out more\t\t\t\t\t<\/a>\n\t\t\t\t\t<\/div>\n\t\t\t\t\t\t\t<\/div>\n\t\t\t\t\t\t<\/div>\n\t\t\t\t\t\t<\/div>\n\t\t\t\t<\/div>\n\t\t\t\t<div class=\"elementor-element elementor-element-4e64db5 elementor-cta--skin-cover elementor-cta--valign-bottom elementor-widget__width-inherit elementor-invisible elementor-widget elementor-widget-call-to-action\" data-id=\"4e64db5\" data-element_type=\"widget\" data-e-type=\"widget\" data-settings=\"{&quot;_animation&quot;:&quot;fadeInUp&quot;}\" data-widget_type=\"call-to-action.default\">\n\t\t\t\t<div class=\"elementor-widget-container\">\n\t\t\t\t\t\t\t<div class=\"elementor-cta\">\n\t\t\t\t\t<div class=\"elementor-cta__bg-wrapper\">\n\t\t\t\t<div class=\"elementor-cta__bg elementor-bg\" style=\"background-image: url(https:\/\/www.labelprint.ro\/wp-content\/uploads\/2024\/07\/aplicatoare-si-marcatoare.jpg);\" role=\"img\" aria-label=\"aplicatoare-si-marcatoare\"><\/div>\n\t\t\t\t<div class=\"elementor-cta__bg-overlay\"><\/div>\n\t\t\t<\/div>\n\t\t\t\t\t\t\t<div class=\"elementor-cta__content\">\n\t\t\t\t\n\t\t\t\t\t\t\t\t\t<span class=\"elementor-cta__title elementor-cta__content-item elementor-content-item\">\n\t\t\t\t\t\tAPLICATOARE SI <br>MARCATOARE\t\t\t\t\t<\/span>\n\t\t\t\t\n\t\t\t\t\t\t\t\t\t<div class=\"elementor-cta__description elementor-cta__content-item elementor-content-item\">\n\t\t\t\t\t\tAplicatoarele \u0219i marcatoarele sunt echipamente esen\u021biale care permit optimizarea procesului de etichetare, economisind timp \u0219i resurse. Acestea asigur\u0103 aplicarea rapid\u0103 contribuind la cre\u0219terea eficien\u021bei opera\u021bionale \u0219i reducerea costurilor.\t\t\t\t\t<\/div>\n\t\t\t\t\n\t\t\t\t\t\t\t\t\t<div class=\"elementor-cta__button-wrapper elementor-cta__content-item elementor-content-item\">\n\t\t\t\t\t<a class=\"elementor-cta__button elementor-button elementor-size-\" href=\"\/en\/aplicatoare-si-marcatoare-de-pret\/\">\n\t\t\t\t\t\tFind out more\t\t\t\t\t<\/a>\n\t\t\t\t\t<\/div>\n\t\t\t\t\t\t\t<\/div>\n\t\t\t\t\t\t<\/div>\n\t\t\t\t\t\t<\/div>\n\t\t\t\t<\/div>\n\t\t\t\t<div class=\"elementor-element elementor-element-c092a31 elementor-cta--skin-cover elementor-cta--valign-bottom elementor-widget__width-inherit elementor-invisible elementor-widget elementor-widget-call-to-action\" data-id=\"c092a31\" data-element_type=\"widget\" data-e-type=\"widget\" data-settings=\"{&quot;_animation&quot;:&quot;fadeInUp&quot;}\" data-widget_type=\"call-to-action.default\">\n\t\t\t\t<div class=\"elementor-widget-container\">\n\t\t\t\t\t\t\t<div class=\"elementor-cta\">\n\t\t\t\t\t<div class=\"elementor-cta__bg-wrapper\">\n\t\t\t\t<div class=\"elementor-cta__bg elementor-bg\" style=\"background-image: url(https:\/\/www.labelprint.ro\/wp-content\/uploads\/2024\/07\/dispencer-1.jpg);\" role=\"img\" aria-label=\"dispencer-1\"><\/div>\n\t\t\t\t<div class=\"elementor-cta__bg-overlay\"><\/div>\n\t\t\t<\/div>\n\t\t\t\t\t\t\t<div class=\"elementor-cta__content\">\n\t\t\t\t\n\t\t\t\t\t\t\t\t\t<span class=\"elementor-cta__title elementor-cta__content-item elementor-content-item\">\n\t\t\t\t\t\tDISPENSERE SI <br>ROLUITOARE\t\t\t\t\t<\/span>\n\t\t\t\t\n\t\t\t\t\t\t\t\t\t<div class=\"elementor-cta__description elementor-cta__content-item elementor-content-item\">\n\t\t\t\t\t\tDispenserele \u0219i roluitoarele sunt accesorii esen\u021biale care completeaz\u0103 imprimantele de etichete, facilit\u00e2nd procesul de etichetare. Acestea contribuie la eficientizarea muncii, permi\u021b\u00e2nd o manipulare u\u0219oar\u0103 a etichetelor.\t\t\t\t\t<\/div>\n\t\t\t\t\n\t\t\t\t\t\t\t\t\t<div class=\"elementor-cta__button-wrapper elementor-cta__content-item elementor-content-item\">\n\t\t\t\t\t<a class=\"elementor-cta__button elementor-button elementor-size-\" href=\"\/en\/dispensere-si-roluitoare\/\">\n\t\t\t\t\t\tFind out more\t\t\t\t\t<\/a>\n\t\t\t\t\t<\/div>\n\t\t\t\t\t\t\t<\/div>\n\t\t\t\t\t\t<\/div>\n\t\t\t\t\t\t<\/div>\n\t\t\t\t<\/div>\n\t\t\t\t<div class=\"elementor-element elementor-element-49c57ef elementor-cta--skin-cover elementor-cta--valign-bottom elementor-widget__width-inherit elementor-invisible elementor-widget elementor-widget-call-to-action\" data-id=\"49c57ef\" data-element_type=\"widget\" data-e-type=\"widget\" data-settings=\"{&quot;_animation&quot;:&quot;fadeInUp&quot;}\" data-widget_type=\"call-to-action.default\">\n\t\t\t\t<div class=\"elementor-widget-container\">\n\t\t\t\t\t\t\t<div class=\"elementor-cta\">\n\t\t\t\t\t<div class=\"elementor-cta__bg-wrapper\">\n\t\t\t\t<div class=\"elementor-cta__bg elementor-bg\" style=\"background-image: url(https:\/\/www.labelprint.ro\/wp-content\/uploads\/2025\/03\/cititor-coduri-de-bare-metter-ds2400-2d-usb-negru-877176.png);\" role=\"img\" aria-label=\"cititor-coduri-de-bare-metter-ds2400-2d-usb-negru-877176\"><\/div>\n\t\t\t\t<div class=\"elementor-cta__bg-overlay\"><\/div>\n\t\t\t<\/div>\n\t\t\t\t\t\t\t<div class=\"elementor-cta__content\">\n\t\t\t\t\n\t\t\t\t\t\t\t\t\t<span class=\"elementor-cta__title elementor-cta__content-item elementor-content-item\">\n\t\t\t\t\t\tCITITOARE SI TERMINALE <br>CODURI DE BARE\t\t\t\t\t<\/span>\n\t\t\t\t\n\t\t\t\t\t\t\t\t\t<div class=\"elementor-cta__description elementor-cta__content-item elementor-content-item\">\n\t\t\t\t\t\tFie ca este vorba de simpla scanare a codurilor de bare, fie ca este vorba de procesul complex de inventariere intr-un depozit, aceste echipamente sunt de nelipsit din dotarea oricarui magazin sau al unui depozit.\t\t\t\t\t<\/div>\n\t\t\t\t\n\t\t\t\t\t\t\t\t\t<div class=\"elementor-cta__button-wrapper elementor-cta__content-item elementor-content-item\">\n\t\t\t\t\t<a class=\"elementor-cta__button elementor-button elementor-size-\" href=\"\/en\/cititoare-terminale-coduri-de-bare\/\">\n\t\t\t\t\t\tFind out more\t\t\t\t\t<\/a>\n\t\t\t\t\t<\/div>\n\t\t\t\t\t\t\t<\/div>\n\t\t\t\t\t\t<\/div>\n\t\t\t\t\t\t<\/div>\n\t\t\t\t<\/div>\n\t\t\t\t\t<\/div>\n\t\t\t\t<\/div>\n\t\t<div class=\"elementor-element elementor-element-3fbdd86c e-flex e-con-boxed e-con e-parent\" data-id=\"3fbdd86c\" data-element_type=\"container\" data-e-type=\"container\" data-settings=\"{&quot;background_background&quot;:&quot;classic&quot;}\">\n\t\t\t\t\t<div class=\"e-con-inner\">\n\t\t\t\t<div class=\"elementor-element elementor-element-5044a1a4 elementor-widget elementor-widget-heading\" data-id=\"5044a1a4\" data-element_type=\"widget\" data-e-type=\"widget\" data-widget_type=\"heading.default\">\n\t\t\t\t<div class=\"elementor-widget-container\">\n\t\t\t\t\t<h2 class=\"elementor-heading-title elementor-size-default\">Custom solutions for any business<\/h2>\t\t\t\t<\/div>\n\t\t\t\t<\/div>\n\t\t\t\t<div class=\"elementor-element elementor-element-408d5251 elementor-widget elementor-widget-heading\" data-id=\"408d5251\" data-element_type=\"widget\" data-e-type=\"widget\" data-widget_type=\"heading.default\">\n\t\t\t\t<div class=\"elementor-widget-container\">\n\t\t\t\t\t<h2 class=\"elementor-heading-title elementor-size-default\"><a href=\"https:\/\/www.labelprint.ro\/en\/contact\/\">For more details.<br \/>\nif you want to say hello, click here.<\/a><\/h2>\t\t\t\t<\/div>\n\t\t\t\t<\/div>\n\t\t\t\t<div class=\"elementor-element elementor-element-5d35f8fe elementor-align-center elementor-widget elementor-widget-button\" data-id=\"5d35f8fe\" data-element_type=\"widget\" data-e-type=\"widget\" data-widget_type=\"button.default\">\n\t\t\t\t<div class=\"elementor-widget-container\">\n\t\t\t\t\t\t\t\t\t<div class=\"elementor-button-wrapper\">\n\t\t\t\t\t<a class=\"elementor-button elementor-button-link elementor-size-sm elementor-animation-grow\" href=\"https:\/\/www.labelprint.ro\/en\/contact\/\">\n\t\t\t\t\t\t<span class=\"elementor-button-content-wrapper\">\n\t\t\t\t\t\t\t\t\t<span class=\"elementor-button-text\">CONTACT US<\/span>\n\t\t\t\t\t<\/span>\n\t\t\t\t\t<\/a>\n\t\t\t\t<\/div>\n\t\t\t\t\t\t\t\t<\/div>\n\t\t\t\t<\/div>\n\t\t\t\t\t<\/div>\n\t\t\t\t<\/div>\n\t\t\t\t<\/div>","protected":false},"excerpt":{"rendered":"<p>Produse distribuite Label Print Tipografia Label Print Label Print ofer\u0103 o gam\u0103 complet\u0103 de produse destinate optimiz\u0103rii proceselor de etichetare, inclusiv imprimante de etichete, riboane transfer termic, cititoare de coduri de bare \u0219i sisteme de imprimare etichete. Aceste solu\u021bii sunt esen\u021biale pentru companiile care doresc s\u0103 \u00ee\u0219i automatizeze \u0219i s\u0103 \u00eembun\u0103t\u0103\u021beasc\u0103 eficien\u021ba proceselor de etichetare, [&hellip;]<\/p>\n","protected":false},"author":2,"featured_media":0,"parent":0,"menu_order":0,"comment_status":"closed","ping_status":"closed","template":"elementor_header_footer","meta":{"footnotes":""},"class_list":["post-120557","page","type-page","status-publish","hentry"],"yoast_head":"<!-- This site is optimized with the Yoast SEO Premium plugin v27.4 (Yoast SEO v27.4) - https:\/\/yoast.com\/product\/yoast-seo-premium-wordpress\/ -->\n<title>Imprimanta etichete, dispensere autoadezive personalizate<\/title>\n<meta name=\"description\" content=\"Exploreaza produse variate: etichete atoadezive, personalizate, imprimante, dispensere si roluitoare, cititoare si terminale coduri de bare\" \/>\n<meta name=\"robots\" content=\"noindex, follow, max-snippet:-1, max-image-preview:large, max-video-preview:-1\" \/>\n<meta property=\"og:locale\" content=\"en_GB\" \/>\n<meta property=\"og:type\" content=\"article\" \/>\n<meta property=\"og:title\" content=\"Imprimanta etichete, dispensere, etichete autoadezive personalizate\" \/>\n<meta property=\"og:description\" content=\"Exploreaza produse variate: etichete atoadezive, personalizate, imprimante, dispensere si roluitoare, cititoare si terminale coduri de bare\" \/>\n<meta property=\"og:url\" content=\"https:\/\/www.labelprint.ro\/en\/produse-distribuite-labelprint\/\" \/>\n<meta property=\"og:site_name\" content=\"Label Print\" \/>\n<meta property=\"article:publisher\" content=\"https:\/\/www.facebook.com\/LabelPrintShop\" \/>\n<meta property=\"article:modified_time\" content=\"2025-04-01T13:12:10+00:00\" \/>\n<meta name=\"twitter:card\" content=\"summary_large_image\" \/>\n<meta name=\"twitter:title\" content=\"Produse distribuite Label Print\" \/>\n<meta name=\"twitter:label1\" content=\"Estimated reading time\" \/>\n\t<meta name=\"twitter:data1\" content=\"2 minutes\" \/>\n<script type=\"application\/ld+json\" class=\"yoast-schema-graph\">{\"@context\":\"https:\\\/\\\/schema.org\",\"@graph\":[{\"@type\":\"WebPage\",\"@id\":\"https:\\\/\\\/www.labelprint.ro\\\/ro\\\/produse-distribuite-labelprint\\\/\",\"url\":\"https:\\\/\\\/www.labelprint.ro\\\/ro\\\/produse-distribuite-labelprint\\\/\",\"name\":\"Imprimanta etichete, dispensere autoadezive personalizate\",\"isPartOf\":{\"@id\":\"https:\\\/\\\/www.labelprint.ro\\\/ro\\\/#website\"},\"datePublished\":\"2024-08-09T15:28:35+00:00\",\"dateModified\":\"2025-04-01T13:12:10+00:00\",\"description\":\"Exploreaza produse variate: etichete atoadezive, personalizate, imprimante, dispensere si roluitoare, cititoare si terminale coduri de bare\",\"breadcrumb\":{\"@id\":\"https:\\\/\\\/www.labelprint.ro\\\/ro\\\/produse-distribuite-labelprint\\\/#breadcrumb\"},\"inLanguage\":\"en-GB\",\"potentialAction\":[{\"@type\":\"ReadAction\",\"target\":[\"https:\\\/\\\/www.labelprint.ro\\\/ro\\\/produse-distribuite-labelprint\\\/\"]}]},{\"@type\":\"BreadcrumbList\",\"@id\":\"https:\\\/\\\/www.labelprint.ro\\\/ro\\\/produse-distribuite-labelprint\\\/#breadcrumb\",\"itemListElement\":[{\"@type\":\"ListItem\",\"position\":1,\"name\":\"Prima pagin\u0103\",\"item\":\"https:\\\/\\\/www.labelprint.ro\\\/ro\\\/\"},{\"@type\":\"ListItem\",\"position\":2,\"name\":\"Produse distribuite Label Print\"}]},{\"@type\":\"WebSite\",\"@id\":\"https:\\\/\\\/www.labelprint.ro\\\/ro\\\/#website\",\"url\":\"https:\\\/\\\/www.labelprint.ro\\\/ro\\\/\",\"name\":\"Label Print\",\"description\":\"Tipografie Etichete Autoadezive\",\"publisher\":{\"@id\":\"https:\\\/\\\/www.labelprint.ro\\\/ro\\\/#organization\"},\"potentialAction\":[{\"@type\":\"SearchAction\",\"target\":{\"@type\":\"EntryPoint\",\"urlTemplate\":\"https:\\\/\\\/www.labelprint.ro\\\/ro\\\/?s={search_term_string}\"},\"query-input\":{\"@type\":\"PropertyValueSpecification\",\"valueRequired\":true,\"valueName\":\"search_term_string\"}}],\"inLanguage\":\"en-GB\"},{\"@type\":\"Organization\",\"@id\":\"https:\\\/\\\/www.labelprint.ro\\\/ro\\\/#organization\",\"name\":\"Label Print\",\"url\":\"https:\\\/\\\/www.labelprint.ro\\\/ro\\\/\",\"logo\":{\"@type\":\"ImageObject\",\"inLanguage\":\"en-GB\",\"@id\":\"https:\\\/\\\/www.labelprint.ro\\\/ro\\\/#\\\/schema\\\/logo\\\/image\\\/\",\"url\":\"https:\\\/\\\/www.labelprint.ro\\\/wp-content\\\/uploads\\\/2024\\\/07\\\/Label-Print_logo.png\",\"contentUrl\":\"https:\\\/\\\/www.labelprint.ro\\\/wp-content\\\/uploads\\\/2024\\\/07\\\/Label-Print_logo.png\",\"width\":1034,\"height\":373,\"caption\":\"Label Print\"},\"image\":{\"@id\":\"https:\\\/\\\/www.labelprint.ro\\\/ro\\\/#\\\/schema\\\/logo\\\/image\\\/\"},\"sameAs\":[\"https:\\\/\\\/www.facebook.com\\\/LabelPrintShop\"],\"email\":\"office@labelprint.ro\",\"telephone\":\"+40213173385\",\"foundingDate\":\"2001-01-22\",\"duns\":\"682328059\",\"numberOfEmployees\":{\"@type\":\"QuantitativeValue\",\"minValue\":\"11\",\"maxValue\":\"50\"}}]}<\/script>\n<!-- \/ Yoast SEO Premium plugin. -->","yoast_head_json":{"title":"Imprimanta etichete, dispensere autoadezive personalizate","description":"Exploreaza produse variate: etichete atoadezive, personalizate, imprimante, dispensere si roluitoare, cititoare si terminale coduri de bare","robots":{"index":"noindex","follow":"follow","max-snippet":"max-snippet:-1","max-image-preview":"max-image-preview:large","max-video-preview":"max-video-preview:-1"},"og_locale":"en_GB","og_type":"article","og_title":"Imprimanta etichete, dispensere, etichete autoadezive personalizate","og_description":"Exploreaza produse variate: etichete atoadezive, personalizate, imprimante, dispensere si roluitoare, cititoare si terminale coduri de bare","og_url":"https:\/\/www.labelprint.ro\/en\/produse-distribuite-labelprint\/","og_site_name":"Label Print","article_publisher":"https:\/\/www.facebook.com\/LabelPrintShop","article_modified_time":"2025-04-01T13:12:10+00:00","twitter_card":"summary_large_image","twitter_title":"Produse distribuite Label Print","twitter_misc":{"Estimated reading time":"2 minutes"},"schema":{"@context":"https:\/\/schema.org","@graph":[{"@type":"WebPage","@id":"https:\/\/www.labelprint.ro\/ro\/produse-distribuite-labelprint\/","url":"https:\/\/www.labelprint.ro\/ro\/produse-distribuite-labelprint\/","name":"Imprimanta etichete, dispensere autoadezive personalizate","isPartOf":{"@id":"https:\/\/www.labelprint.ro\/ro\/#website"},"datePublished":"2024-08-09T15:28:35+00:00","dateModified":"2025-04-01T13:12:10+00:00","description":"Exploreaza produse variate: etichete atoadezive, personalizate, imprimante, dispensere si roluitoare, cititoare si terminale coduri de bare","breadcrumb":{"@id":"https:\/\/www.labelprint.ro\/ro\/produse-distribuite-labelprint\/#breadcrumb"},"inLanguage":"en-GB","potentialAction":[{"@type":"ReadAction","target":["https:\/\/www.labelprint.ro\/ro\/produse-distribuite-labelprint\/"]}]},{"@type":"BreadcrumbList","@id":"https:\/\/www.labelprint.ro\/ro\/produse-distribuite-labelprint\/#breadcrumb","itemListElement":[{"@type":"ListItem","position":1,"name":"Prima pagin\u0103","item":"https:\/\/www.labelprint.ro\/ro\/"},{"@type":"ListItem","position":2,"name":"Produse distribuite Label Print"}]},{"@type":"WebSite","@id":"https:\/\/www.labelprint.ro\/ro\/#website","url":"https:\/\/www.labelprint.ro\/ro\/","name":"Label Print","description":"Tipografie Etichete Autoadezive","publisher":{"@id":"https:\/\/www.labelprint.ro\/ro\/#organization"},"potentialAction":[{"@type":"SearchAction","target":{"@type":"EntryPoint","urlTemplate":"https:\/\/www.labelprint.ro\/ro\/?s={search_term_string}"},"query-input":{"@type":"PropertyValueSpecification","valueRequired":true,"valueName":"search_term_string"}}],"inLanguage":"en-GB"},{"@type":"Organization","@id":"https:\/\/www.labelprint.ro\/ro\/#organization","name":"Label Print","url":"https:\/\/www.labelprint.ro\/ro\/","logo":{"@type":"ImageObject","inLanguage":"en-GB","@id":"https:\/\/www.labelprint.ro\/ro\/#\/schema\/logo\/image\/","url":"https:\/\/www.labelprint.ro\/wp-content\/uploads\/2024\/07\/Label-Print_logo.png","contentUrl":"https:\/\/www.labelprint.ro\/wp-content\/uploads\/2024\/07\/Label-Print_logo.png","width":1034,"height":373,"caption":"Label Print"},"image":{"@id":"https:\/\/www.labelprint.ro\/ro\/#\/schema\/logo\/image\/"},"sameAs":["https:\/\/www.facebook.com\/LabelPrintShop"],"email":"office@labelprint.ro","telephone":"+40213173385","foundingDate":"2001-01-22","duns":"682328059","numberOfEmployees":{"@type":"QuantitativeValue","minValue":"11","maxValue":"50"}}]}},"_links":{"self":[{"href":"https:\/\/www.labelprint.ro\/en\/wp-json\/wp\/v2\/pages\/120557","targetHints":{"allow":["GET"]}}],"collection":[{"href":"https:\/\/www.labelprint.ro\/en\/wp-json\/wp\/v2\/pages"}],"about":[{"href":"https:\/\/www.labelprint.ro\/en\/wp-json\/wp\/v2\/types\/page"}],"author":[{"embeddable":true,"href":"https:\/\/www.labelprint.ro\/en\/wp-json\/wp\/v2\/users\/2"}],"replies":[{"embeddable":true,"href":"https:\/\/www.labelprint.ro\/en\/wp-json\/wp\/v2\/comments?post=120557"}],"version-history":[{"count":34,"href":"https:\/\/www.labelprint.ro\/en\/wp-json\/wp\/v2\/pages\/120557\/revisions"}],"predecessor-version":[{"id":124121,"href":"https:\/\/www.labelprint.ro\/en\/wp-json\/wp\/v2\/pages\/120557\/revisions\/124121"}],"wp:attachment":[{"href":"https:\/\/www.labelprint.ro\/en\/wp-json\/wp\/v2\/media?parent=120557"}],"curies":[{"name":"wp","href":"https:\/\/api.w.org\/{rel}","templated":true}]}}