{"id":120534,"date":"2024-08-09T18:00:15","date_gmt":"2024-08-09T15:00:15","guid":{"rendered":"https:\/\/www.labelprint.ro\/?page_id=120534"},"modified":"2025-04-01T16:09:47","modified_gmt":"2025-04-01T13:09:47","slug":"etichete-sticle","status":"publish","type":"page","link":"https:\/\/www.labelprint.ro\/en\/etichete-sticle\/","title":{"rendered":"Bottle Labels"},"content":{"rendered":"<div data-elementor-type=\"wp-page\" data-elementor-id=\"120534\" class=\"elementor elementor-120534\" data-elementor-post-type=\"page\">\n\t\t\t\t<div class=\"elementor-element elementor-element-7a64668e e-flex e-con-boxed e-con e-parent\" data-id=\"7a64668e\" data-element_type=\"container\" data-e-type=\"container\" data-settings=\"{&quot;background_background&quot;:&quot;gradient&quot;}\">\n\t\t\t\t\t<div class=\"e-con-inner\">\n\t\t\t\t<div class=\"elementor-element elementor-element-6e1f61dd elementor-widget elementor-widget-heading\" data-id=\"6e1f61dd\" data-element_type=\"widget\" data-e-type=\"widget\" data-widget_type=\"heading.default\">\n\t\t\t\t<div class=\"elementor-widget-container\">\n\t\t\t\t\t<h1 class=\"elementor-heading-title elementor-size-default\">Etichete pentru sticle<\/h1>\t\t\t\t<\/div>\n\t\t\t\t<\/div>\n\t\t\t\t<div class=\"elementor-element elementor-element-35b04266 elementor-widget-divider--view-line_text elementor-widget-divider--element-align-center elementor-widget elementor-widget-divider\" data-id=\"35b04266\" data-element_type=\"widget\" data-e-type=\"widget\" data-widget_type=\"divider.default\">\n\t\t\t\t<div class=\"elementor-widget-container\">\n\t\t\t\t\t\t\t<div class=\"elementor-divider\">\n\t\t\t<span class=\"elementor-divider-separator\">\n\t\t\t\t\t\t\t<span class=\"elementor-divider__text elementor-divider__element\">\n\t\t\t\tLabel Print - Print House\t\t\t\t<\/span>\n\t\t\t\t\t\t<\/span>\n\t\t<\/div>\n\t\t\t\t\t\t<\/div>\n\t\t\t\t<\/div>\n\t\t\t\t<div class=\"elementor-element elementor-element-4dcf2253 elementor-widget elementor-widget-text-editor\" data-id=\"4dcf2253\" data-element_type=\"widget\" data-e-type=\"widget\" data-widget_type=\"text-editor.default\">\n\t\t\t\t<div class=\"elementor-widget-container\">\n\t\t\t\t\t\t\t\t\t<p>Producem <strong>customized<\/strong> pentru <em><strong>sticle de vin<\/strong><\/em>, b\u0103uturi spirtoase, dar \u0219i pentru alte produse ambalate \u00een sticl\u0103, utiliz\u00e2nd <strong>tehnologii de ultim\u0103 or\u0103<\/strong>, precum serigrafia, embossingul si folio. Aceste etichete sunt create pentru a<strong> rezista \u00een condi\u021bii dificile<\/strong> de manipulare \u0219i depozitare, garant\u00e2nd \u00een acela\u0219i timp un <strong>design elegant \u0219i func\u021bional<\/strong>. Fie c\u0103 este vorba de etichete simple sau <strong>etichete decorative complexe<\/strong>, oferim solu\u021bii personalizate care aduc<strong> un plus de valoare<\/strong> \u0219i atractivitate produselor ambalate.<\/p>\t\t\t\t\t\t\t\t<\/div>\n\t\t\t\t<\/div>\n\t\t\t\t\t<\/div>\n\t\t\t\t<\/div>\n\t\t<div class=\"elementor-element elementor-element-8c1f59d e-grid e-con-boxed e-con e-parent\" data-id=\"8c1f59d\" data-element_type=\"container\" data-e-type=\"container\">\n\t\t\t\t\t<div class=\"e-con-inner\">\n\t\t\t\t<div class=\"elementor-element elementor-element-4ed991c elementor-cta--layout-image-above elementor-cta--skin-classic elementor-animated-content elementor-bg-transform elementor-bg-transform-zoom-in elementor-widget elementor-widget-call-to-action\" data-id=\"4ed991c\" data-element_type=\"widget\" data-e-type=\"widget\" data-widget_type=\"call-to-action.default\">\n\t\t\t\t<div class=\"elementor-widget-container\">\n\t\t\t\t\t\t\t<div class=\"elementor-cta\">\n\t\t\t\t\t<div class=\"elementor-cta__bg-wrapper\">\n\t\t\t\t<div class=\"elementor-cta__bg elementor-bg\" style=\"background-image: url(https:\/\/www.labelprint.ro\/wp-content\/uploads\/2024\/08\/Etichete-sticla-vin-croped-957x960.webp);\" role=\"img\" aria-label=\"etichete autoadezive sticle vin\"><\/div>\n\t\t\t\t<div class=\"elementor-cta__bg-overlay\"><\/div>\n\t\t\t<\/div>\n\t\t\t\t\t\t\t<div class=\"elementor-cta__content\">\n\t\t\t\t\n\t\t\t\t\t\t\t\t\t<h2 class=\"elementor-cta__title elementor-cta__content-item elementor-content-item\">\n\t\t\t\t\t\tEtichete personalizate pentru sticle de vin\t\t\t\t\t<\/h2>\n\t\t\t\t\n\t\t\t\t\t\t\t\t\t<div class=\"elementor-cta__description elementor-cta__content-item elementor-content-item\">\n\t\t\t\t\t\t<strong>Industria vinului<\/strong>\u00a0vine cu cele mai mari exigente si impune etichete de o\u00a0<strong>eleganta desavarsita<\/strong>, dar si functionale in acelasi timp. Eticheta desavarseste\u00a0<strong>sticla de vin<\/strong>.<br \/><br \/>\n\nPregatiti pentru\u00a0<strong>industria produselor ambalate<\/strong>\u00a0in recipiente de sticla,\u00a0<strong>LabelPrint<\/strong>\u00a0produce\u00a0<strong>etichete sticla, etichete borcane, etichete sticle vin, etichete decorative<\/strong>\u00a0la cel mai inalt nivel (cu folio, serigrafie, embossing),\u00a0<strong>etichete albe<\/strong>\u00a0LabelLife (netiparite),\u00a0<strong>etichete multipagina<\/strong>.  <br \/> <br \/>\nIncluzand si\u00a0<strong>serviciile de design<\/strong>\u00a0cand este cazul, oferim clientilor pachetul complet de\u00a0<strong>produse si servicii la cheie<\/strong>.\t\t\t\t\t<\/div>\n\t\t\t\t\n\t\t\t\t\t\t\t<\/div>\n\t\t\t\t\t\t<\/div>\n\t\t\t\t\t\t<\/div>\n\t\t\t\t<\/div>\n\t\t\t\t<div class=\"elementor-element elementor-element-ecd65c8 elementor-cta--skin-classic elementor-animated-content elementor-bg-transform elementor-bg-transform-zoom-in elementor-widget elementor-widget-call-to-action\" data-id=\"ecd65c8\" data-element_type=\"widget\" data-e-type=\"widget\" data-widget_type=\"call-to-action.default\">\n\t\t\t\t<div class=\"elementor-widget-container\">\n\t\t\t\t\t\t\t<div class=\"elementor-cta\">\n\t\t\t\t\t<div class=\"elementor-cta__bg-wrapper\">\n\t\t\t\t<div class=\"elementor-cta__bg elementor-bg\" style=\"background-image: url(https:\/\/www.labelprint.ro\/wp-content\/uploads\/2024\/07\/Etichete-Sticle-Vin-960x719.jpg);\" role=\"img\" aria-label=\"Etichete-Sticle-Vin\"><\/div>\n\t\t\t\t<div class=\"elementor-cta__bg-overlay\"><\/div>\n\t\t\t<\/div>\n\t\t\t\t\t\t\t<div class=\"elementor-cta__content\">\n\t\t\t\t\n\t\t\t\t\t\t\t\t\t<h2 class=\"elementor-cta__title elementor-cta__content-item elementor-content-item\">\n\t\t\t\t\t\tEtichete autoadezive pentru orice suport\t\t\t\t\t<\/h2>\n\t\t\t\t\n\t\t\t\t\t\t\t\t\t<div class=\"elementor-cta__description elementor-cta__content-item elementor-content-item\">\n\t\t\t\t\t\t<strong>LabelPrint<\/strong>\u00a0este specializata si in\u00a0<em><strong>etichete autoadezive pentru sticle pentru vin<\/strong><\/em>. Putem imprima etichetele pe\u00a0<strong>orice suport<\/strong>\u00a0\u2013\u00a0<strong>hartie cretata, lucioasa, metalica, transparenta, texturata sau groasa<\/strong>.\u00a0<strong><br \/><br \/>\n\nAdezivul<\/strong>\u00a0utilizat este adaptat la\u00a0<strong>conditiile<\/strong>\u00a0speciale de pastrare a\u00a0<strong>vinului<\/strong>: rezistent in timp, la temperaturi joase si la apa, important pentru\u00a0<strong>pastrarea<\/strong>\u00a0<strong>in frapiera<\/strong>. <br \/> <br \/>Noile\u00a0<strong>cerneluri termosensibile<\/strong>\u00a0ofera chiar posibilitatea de a fi informati in legatura cu\u00a0<strong>temperatura lichidului<\/strong>\u00a0in cazul unei\u00a0<strong>sticle<\/strong>\u00a0al carei continut se recomanda a fi servita la\u00a0<strong>o anumita temperatura<\/strong>.\t\t\t\t\t<\/div>\n\t\t\t\t\n\t\t\t\t\t\t\t<\/div>\n\t\t\t\t\t\t<\/div>\n\t\t\t\t\t\t<\/div>\n\t\t\t\t<\/div>\n\t\t\t\t\t<\/div>\n\t\t\t\t<\/div>\n\t\t<div class=\"elementor-element elementor-element-ba6b4a9 e-flex e-con-boxed e-con e-parent\" data-id=\"ba6b4a9\" data-element_type=\"container\" data-e-type=\"container\" data-settings=\"{&quot;background_background&quot;:&quot;classic&quot;}\">\n\t\t\t\t\t<div class=\"e-con-inner\">\n\t\t<div class=\"elementor-element elementor-element-fdd7069 e-con-full e-flex e-con e-child\" data-id=\"fdd7069\" data-element_type=\"container\" data-e-type=\"container\">\n\t\t\t\t<div class=\"elementor-element elementor-element-d0eb283 elementor-widget elementor-widget-heading\" data-id=\"d0eb283\" data-element_type=\"widget\" data-e-type=\"widget\" data-widget_type=\"heading.default\">\n\t\t\t\t<div class=\"elementor-widget-container\">\n\t\t\t\t\t<p class=\"elementor-heading-title elementor-size-default\">Inovatie<\/p>\t\t\t\t<\/div>\n\t\t\t\t<\/div>\n\t\t\t\t<div class=\"elementor-element elementor-element-ad08a88 elementor-widget elementor-widget-heading\" data-id=\"ad08a88\" data-element_type=\"widget\" data-e-type=\"widget\" data-widget_type=\"heading.default\">\n\t\t\t\t<div class=\"elementor-widget-container\">\n\t\t\t\t\t<h2 class=\"elementor-heading-title elementor-size-default\">Etichete personalizate sticle <\/h2>\t\t\t\t<\/div>\n\t\t\t\t<\/div>\n\t\t\t\t<div class=\"elementor-element elementor-element-c618c4c elementor-widget elementor-widget-text-editor\" data-id=\"c618c4c\" data-element_type=\"widget\" data-e-type=\"widget\" data-widget_type=\"text-editor.default\">\n\t\t\t\t<div class=\"elementor-widget-container\">\n\t\t\t\t\t\t\t\t\t<p>Recomandam sa\u00a0<strong>testati hartia<\/strong>\u00a0si\u00a0<strong>adezivul<\/strong>\u00a0inainte de\u00a0<strong>imprimarea pe sticla<\/strong>. Diversitatea tipurilor de etichete consta in\u00a0<strong>multitudinea de culori<\/strong>\u00a0posibile\u00a0<strong>CMYK sau Pantone<\/strong>, de materiale (hartie, polipropilena sau textile), de substraturi inclusiv\u00a0<strong>Piggy Back<\/strong>, si de\u00a0<strong>adezivi<\/strong>, avand la baza eforturile unor echipe dedicate sa sustina tot\u00a0<strong>procesul din faza de design<\/strong>\u00a0si pana la productia si livrarea efectiva.<\/p><p><strong>Laminarea<\/strong>, pentru rezistenta la apa si durabilitate,\u00a0<strong>lacuirea integrala<\/strong>\u00a0sau selectiva pentru un efect de\u00a0<strong>stralucire<\/strong>,\u00a0<strong>imprimarea codurilor de bare inseriate<\/strong>\u00a0sau cele pentru securitate, sunt doar exemple care denota\u00a0<strong>posibilitatile<\/strong>\u00a0nelimitate care stau la baza\u00a0<strong>flexografiei<\/strong>.<\/p><p>Va stam la dispozitie cu\u00a0<strong>informatii si mostre<\/strong>\u00a0pentru a va ajuta sa luati\u00a0<strong>cea mai buna decizie<\/strong>.<\/p>\t\t\t\t\t\t\t\t<\/div>\n\t\t\t\t<\/div>\n\t\t\t\t<\/div>\n\t\t\t\t<div class=\"elementor-element elementor-element-2efae39 elementor-widget__width-initial elementor-widget-tablet__width-inherit elementor-widget elementor-widget-image\" data-id=\"2efae39\" data-element_type=\"widget\" data-e-type=\"widget\" data-widget_type=\"image.default\">\n\t\t\t\t<div class=\"elementor-widget-container\">\n\t\t\t\t\t\t\t\t\t\t\t\t\t\t\t<img fetchpriority=\"high\" decoding=\"async\" width=\"582\" height=\"436\" src=\"https:\/\/www.labelprint.ro\/wp-content\/uploads\/2024\/07\/Untitled-1.jpg\" class=\"attachment-large size-large wp-image-119319\" alt=\"\" srcset=\"https:\/\/www.labelprint.ro\/wp-content\/uploads\/2024\/07\/Untitled-1.jpg 582w, https:\/\/www.labelprint.ro\/wp-content\/uploads\/2024\/07\/Untitled-1-300x225.jpg 300w\" sizes=\"(max-width: 582px) 100vw, 582px\" \/>\t\t\t\t\t\t\t\t\t\t\t\t\t\t\t<\/div>\n\t\t\t\t<\/div>\n\t\t\t\t\t<\/div>\n\t\t\t\t<\/div>\n\t\t<div class=\"elementor-element elementor-element-465fc8ca e-flex e-con-boxed e-con e-parent\" data-id=\"465fc8ca\" data-element_type=\"container\" data-e-type=\"container\" data-settings=\"{&quot;background_background&quot;:&quot;classic&quot;}\">\n\t\t\t\t\t<div class=\"e-con-inner\">\n\t\t\t\t<div class=\"elementor-element elementor-element-578c8b5c elementor-widget elementor-widget-heading\" data-id=\"578c8b5c\" data-element_type=\"widget\" data-e-type=\"widget\" data-widget_type=\"heading.default\">\n\t\t\t\t<div class=\"elementor-widget-container\">\n\t\t\t\t\t<h2 class=\"elementor-heading-title elementor-size-default\">Custom solutions for any business<\/h2>\t\t\t\t<\/div>\n\t\t\t\t<\/div>\n\t\t\t\t<div class=\"elementor-element elementor-element-6557dfb4 elementor-widget elementor-widget-heading\" data-id=\"6557dfb4\" data-element_type=\"widget\" data-e-type=\"widget\" data-widget_type=\"heading.default\">\n\t\t\t\t<div class=\"elementor-widget-container\">\n\t\t\t\t\t<h2 class=\"elementor-heading-title elementor-size-default\"><a href=\"https:\/\/www.labelprint.ro\/en\/contact\/\">For more details.<br \/>\nif you want to say hello, click here.<\/a><\/h2>\t\t\t\t<\/div>\n\t\t\t\t<\/div>\n\t\t\t\t<div class=\"elementor-element elementor-element-7c14ede9 elementor-align-center elementor-widget elementor-widget-button\" data-id=\"7c14ede9\" data-element_type=\"widget\" data-e-type=\"widget\" data-widget_type=\"button.default\">\n\t\t\t\t<div class=\"elementor-widget-container\">\n\t\t\t\t\t\t\t\t\t<div class=\"elementor-button-wrapper\">\n\t\t\t\t\t<a class=\"elementor-button elementor-button-link elementor-size-sm elementor-animation-grow\" href=\"https:\/\/www.labelprint.ro\/en\/contact\/\">\n\t\t\t\t\t\t<span class=\"elementor-button-content-wrapper\">\n\t\t\t\t\t\t\t\t\t<span class=\"elementor-button-text\">CONTACT US<\/span>\n\t\t\t\t\t<\/span>\n\t\t\t\t\t<\/a>\n\t\t\t\t<\/div>\n\t\t\t\t\t\t\t\t<\/div>\n\t\t\t\t<\/div>\n\t\t\t\t\t<\/div>\n\t\t\t\t<\/div>\n\t\t\t\t<\/div>","protected":false},"excerpt":{"rendered":"<p>Etichete pentru sticle Tipografia Label Print Producem etichete pentru sticle de vin, b\u0103uturi spirtoase, dar \u0219i pentru alte produse ambalate \u00een sticl\u0103, utiliz\u00e2nd tehnologii de ultim\u0103 or\u0103, precum serigrafia, embossingul si folio. Aceste etichete sunt create pentru a rezista \u00een condi\u021bii dificile de manipulare \u0219i depozitare, garant\u00e2nd \u00een acela\u0219i timp un design elegant \u0219i func\u021bional. [&hellip;]<\/p>\n","protected":false},"author":2,"featured_media":119324,"parent":0,"menu_order":0,"comment_status":"closed","ping_status":"closed","template":"elementor_header_footer","meta":{"footnotes":""},"class_list":["post-120534","page","type-page","status-publish","has-post-thumbnail","hentry"],"yoast_head":"<!-- This site is optimized with the Yoast SEO Premium plugin v27.4 (Yoast SEO v27.4) - https:\/\/yoast.com\/product\/yoast-seo-premium-wordpress\/ -->\n<title>Etichete personalizate pentru sticle, autoadezive de calitate<\/title>\n<meta name=\"description\" content=\"Etichete de calitate pentru sticle de vin, personalizate, serigrafie, embossing, folio, autoadezive de calitate\" \/>\n<meta name=\"robots\" content=\"noindex, follow, max-snippet:-1, max-image-preview:large, max-video-preview:-1\" \/>\n<meta property=\"og:locale\" content=\"en_GB\" \/>\n<meta property=\"og:type\" content=\"article\" \/>\n<meta property=\"og:title\" content=\"Etichete personalizate pentru sticle, autoadezive de calitate\" \/>\n<meta property=\"og:description\" content=\"Etichete de calitate pentru sticle de vin, personalizate, serigrafie, embossing, folio, autoadezive de calitate\" \/>\n<meta property=\"og:url\" content=\"https:\/\/www.labelprint.ro\/en\/etichete-sticle\/\" \/>\n<meta property=\"og:site_name\" content=\"Label Print\" \/>\n<meta property=\"article:publisher\" content=\"https:\/\/www.facebook.com\/LabelPrintShop\" \/>\n<meta property=\"article:modified_time\" content=\"2025-04-01T13:09:47+00:00\" \/>\n<meta property=\"og:image\" content=\"https:\/\/www.labelprint.ro\/wp-content\/uploads\/2024\/07\/vinuri-personalizate.jpg\" \/>\n\t<meta property=\"og:image:width\" content=\"960\" \/>\n\t<meta property=\"og:image:height\" content=\"960\" \/>\n\t<meta property=\"og:image:type\" content=\"image\/jpeg\" \/>\n<meta name=\"twitter:card\" content=\"summary_large_image\" \/>\n<meta name=\"twitter:title\" content=\"Etichete sticle\" \/>\n<meta name=\"twitter:label1\" content=\"Estimated reading time\" \/>\n\t<meta name=\"twitter:data1\" content=\"3 minutes\" \/>\n<script type=\"application\/ld+json\" class=\"yoast-schema-graph\">{\"@context\":\"https:\\\/\\\/schema.org\",\"@graph\":[{\"@type\":\"WebPage\",\"@id\":\"https:\\\/\\\/www.labelprint.ro\\\/etichete-sticle\\\/\",\"url\":\"https:\\\/\\\/www.labelprint.ro\\\/etichete-sticle\\\/\",\"name\":\"Etichete personalizate pentru sticle, autoadezive de calitate\",\"isPartOf\":{\"@id\":\"https:\\\/\\\/www.labelprint.ro\\\/ro\\\/#website\"},\"primaryImageOfPage\":{\"@id\":\"https:\\\/\\\/www.labelprint.ro\\\/etichete-sticle\\\/#primaryimage\"},\"image\":{\"@id\":\"https:\\\/\\\/www.labelprint.ro\\\/etichete-sticle\\\/#primaryimage\"},\"thumbnailUrl\":\"https:\\\/\\\/www.labelprint.ro\\\/wp-content\\\/uploads\\\/2024\\\/07\\\/vinuri-personalizate.jpg\",\"datePublished\":\"2024-08-09T15:00:15+00:00\",\"dateModified\":\"2025-04-01T13:09:47+00:00\",\"description\":\"Etichete de calitate pentru sticle de vin, personalizate, serigrafie, embossing, folio, autoadezive de calitate\",\"breadcrumb\":{\"@id\":\"https:\\\/\\\/www.labelprint.ro\\\/etichete-sticle\\\/#breadcrumb\"},\"inLanguage\":\"en-GB\",\"potentialAction\":[{\"@type\":\"ReadAction\",\"target\":[\"https:\\\/\\\/www.labelprint.ro\\\/etichete-sticle\\\/\"]}]},{\"@type\":\"ImageObject\",\"inLanguage\":\"en-GB\",\"@id\":\"https:\\\/\\\/www.labelprint.ro\\\/etichete-sticle\\\/#primaryimage\",\"url\":\"https:\\\/\\\/www.labelprint.ro\\\/wp-content\\\/uploads\\\/2024\\\/07\\\/vinuri-personalizate.jpg\",\"contentUrl\":\"https:\\\/\\\/www.labelprint.ro\\\/wp-content\\\/uploads\\\/2024\\\/07\\\/vinuri-personalizate.jpg\",\"width\":960,\"height\":960,\"caption\":\"etichete personalziate pentru sticle de vin\"},{\"@type\":\"BreadcrumbList\",\"@id\":\"https:\\\/\\\/www.labelprint.ro\\\/etichete-sticle\\\/#breadcrumb\",\"itemListElement\":[{\"@type\":\"ListItem\",\"position\":1,\"name\":\"Prima pagin\u0103\",\"item\":\"https:\\\/\\\/www.labelprint.ro\\\/ro\\\/\"},{\"@type\":\"ListItem\",\"position\":2,\"name\":\"Etichete sticle\"}]},{\"@type\":\"WebSite\",\"@id\":\"https:\\\/\\\/www.labelprint.ro\\\/ro\\\/#website\",\"url\":\"https:\\\/\\\/www.labelprint.ro\\\/ro\\\/\",\"name\":\"Label Print\",\"description\":\"Tipografie Etichete Autoadezive\",\"publisher\":{\"@id\":\"https:\\\/\\\/www.labelprint.ro\\\/ro\\\/#organization\"},\"potentialAction\":[{\"@type\":\"SearchAction\",\"target\":{\"@type\":\"EntryPoint\",\"urlTemplate\":\"https:\\\/\\\/www.labelprint.ro\\\/ro\\\/?s={search_term_string}\"},\"query-input\":{\"@type\":\"PropertyValueSpecification\",\"valueRequired\":true,\"valueName\":\"search_term_string\"}}],\"inLanguage\":\"en-GB\"},{\"@type\":\"Organization\",\"@id\":\"https:\\\/\\\/www.labelprint.ro\\\/ro\\\/#organization\",\"name\":\"Label Print\",\"url\":\"https:\\\/\\\/www.labelprint.ro\\\/ro\\\/\",\"logo\":{\"@type\":\"ImageObject\",\"inLanguage\":\"en-GB\",\"@id\":\"https:\\\/\\\/www.labelprint.ro\\\/ro\\\/#\\\/schema\\\/logo\\\/image\\\/\",\"url\":\"https:\\\/\\\/www.labelprint.ro\\\/wp-content\\\/uploads\\\/2024\\\/07\\\/Label-Print_logo.png\",\"contentUrl\":\"https:\\\/\\\/www.labelprint.ro\\\/wp-content\\\/uploads\\\/2024\\\/07\\\/Label-Print_logo.png\",\"width\":1034,\"height\":373,\"caption\":\"Label Print\"},\"image\":{\"@id\":\"https:\\\/\\\/www.labelprint.ro\\\/ro\\\/#\\\/schema\\\/logo\\\/image\\\/\"},\"sameAs\":[\"https:\\\/\\\/www.facebook.com\\\/LabelPrintShop\"],\"email\":\"office@labelprint.ro\",\"telephone\":\"+40213173385\",\"foundingDate\":\"2001-01-22\",\"duns\":\"682328059\",\"numberOfEmployees\":{\"@type\":\"QuantitativeValue\",\"minValue\":\"11\",\"maxValue\":\"50\"}}]}<\/script>\n<!-- \/ Yoast SEO Premium plugin. -->","yoast_head_json":{"title":"Etichete personalizate pentru sticle, autoadezive de calitate","description":"Etichete de calitate pentru sticle de vin, personalizate, serigrafie, embossing, folio, autoadezive de calitate","robots":{"index":"noindex","follow":"follow","max-snippet":"max-snippet:-1","max-image-preview":"max-image-preview:large","max-video-preview":"max-video-preview:-1"},"og_locale":"en_GB","og_type":"article","og_title":"Etichete personalizate pentru sticle, autoadezive de calitate","og_description":"Etichete de calitate pentru sticle de vin, personalizate, serigrafie, embossing, folio, autoadezive de calitate","og_url":"https:\/\/www.labelprint.ro\/en\/etichete-sticle\/","og_site_name":"Label Print","article_publisher":"https:\/\/www.facebook.com\/LabelPrintShop","article_modified_time":"2025-04-01T13:09:47+00:00","og_image":[{"width":960,"height":960,"url":"https:\/\/www.labelprint.ro\/wp-content\/uploads\/2024\/07\/vinuri-personalizate.jpg","type":"image\/jpeg"}],"twitter_card":"summary_large_image","twitter_title":"Etichete sticle","twitter_misc":{"Estimated reading time":"3 minutes"},"schema":{"@context":"https:\/\/schema.org","@graph":[{"@type":"WebPage","@id":"https:\/\/www.labelprint.ro\/etichete-sticle\/","url":"https:\/\/www.labelprint.ro\/etichete-sticle\/","name":"Etichete personalizate pentru sticle, autoadezive de calitate","isPartOf":{"@id":"https:\/\/www.labelprint.ro\/ro\/#website"},"primaryImageOfPage":{"@id":"https:\/\/www.labelprint.ro\/etichete-sticle\/#primaryimage"},"image":{"@id":"https:\/\/www.labelprint.ro\/etichete-sticle\/#primaryimage"},"thumbnailUrl":"https:\/\/www.labelprint.ro\/wp-content\/uploads\/2024\/07\/vinuri-personalizate.jpg","datePublished":"2024-08-09T15:00:15+00:00","dateModified":"2025-04-01T13:09:47+00:00","description":"Etichete de calitate pentru sticle de vin, personalizate, serigrafie, embossing, folio, autoadezive de calitate","breadcrumb":{"@id":"https:\/\/www.labelprint.ro\/etichete-sticle\/#breadcrumb"},"inLanguage":"en-GB","potentialAction":[{"@type":"ReadAction","target":["https:\/\/www.labelprint.ro\/etichete-sticle\/"]}]},{"@type":"ImageObject","inLanguage":"en-GB","@id":"https:\/\/www.labelprint.ro\/etichete-sticle\/#primaryimage","url":"https:\/\/www.labelprint.ro\/wp-content\/uploads\/2024\/07\/vinuri-personalizate.jpg","contentUrl":"https:\/\/www.labelprint.ro\/wp-content\/uploads\/2024\/07\/vinuri-personalizate.jpg","width":960,"height":960,"caption":"etichete personalziate pentru sticle de vin"},{"@type":"BreadcrumbList","@id":"https:\/\/www.labelprint.ro\/etichete-sticle\/#breadcrumb","itemListElement":[{"@type":"ListItem","position":1,"name":"Prima pagin\u0103","item":"https:\/\/www.labelprint.ro\/ro\/"},{"@type":"ListItem","position":2,"name":"Etichete sticle"}]},{"@type":"WebSite","@id":"https:\/\/www.labelprint.ro\/ro\/#website","url":"https:\/\/www.labelprint.ro\/ro\/","name":"Label Print","description":"Tipografie Etichete Autoadezive","publisher":{"@id":"https:\/\/www.labelprint.ro\/ro\/#organization"},"potentialAction":[{"@type":"SearchAction","target":{"@type":"EntryPoint","urlTemplate":"https:\/\/www.labelprint.ro\/ro\/?s={search_term_string}"},"query-input":{"@type":"PropertyValueSpecification","valueRequired":true,"valueName":"search_term_string"}}],"inLanguage":"en-GB"},{"@type":"Organization","@id":"https:\/\/www.labelprint.ro\/ro\/#organization","name":"Label Print","url":"https:\/\/www.labelprint.ro\/ro\/","logo":{"@type":"ImageObject","inLanguage":"en-GB","@id":"https:\/\/www.labelprint.ro\/ro\/#\/schema\/logo\/image\/","url":"https:\/\/www.labelprint.ro\/wp-content\/uploads\/2024\/07\/Label-Print_logo.png","contentUrl":"https:\/\/www.labelprint.ro\/wp-content\/uploads\/2024\/07\/Label-Print_logo.png","width":1034,"height":373,"caption":"Label Print"},"image":{"@id":"https:\/\/www.labelprint.ro\/ro\/#\/schema\/logo\/image\/"},"sameAs":["https:\/\/www.facebook.com\/LabelPrintShop"],"email":"office@labelprint.ro","telephone":"+40213173385","foundingDate":"2001-01-22","duns":"682328059","numberOfEmployees":{"@type":"QuantitativeValue","minValue":"11","maxValue":"50"}}]}},"_links":{"self":[{"href":"https:\/\/www.labelprint.ro\/en\/wp-json\/wp\/v2\/pages\/120534","targetHints":{"allow":["GET"]}}],"collection":[{"href":"https:\/\/www.labelprint.ro\/en\/wp-json\/wp\/v2\/pages"}],"about":[{"href":"https:\/\/www.labelprint.ro\/en\/wp-json\/wp\/v2\/types\/page"}],"author":[{"embeddable":true,"href":"https:\/\/www.labelprint.ro\/en\/wp-json\/wp\/v2\/users\/2"}],"replies":[{"embeddable":true,"href":"https:\/\/www.labelprint.ro\/en\/wp-json\/wp\/v2\/comments?post=120534"}],"version-history":[{"count":25,"href":"https:\/\/www.labelprint.ro\/en\/wp-json\/wp\/v2\/pages\/120534\/revisions"}],"predecessor-version":[{"id":124100,"href":"https:\/\/www.labelprint.ro\/en\/wp-json\/wp\/v2\/pages\/120534\/revisions\/124100"}],"wp:featuredmedia":[{"embeddable":true,"href":"https:\/\/www.labelprint.ro\/en\/wp-json\/wp\/v2\/media\/119324"}],"wp:attachment":[{"href":"https:\/\/www.labelprint.ro\/en\/wp-json\/wp\/v2\/media?parent=120534"}],"curies":[{"name":"wp","href":"https:\/\/api.w.org\/{rel}","templated":true}]}}