{"id":120520,"date":"2024-08-09T17:14:14","date_gmt":"2024-08-09T14:14:14","guid":{"rendered":"https:\/\/www.labelprint.ro\/?page_id=120520"},"modified":"2025-04-01T16:10:01","modified_gmt":"2025-04-01T13:10:01","slug":"etichete-reclosure","status":"publish","type":"page","link":"https:\/\/www.labelprint.ro\/en\/etichete-reclosure\/","title":{"rendered":"Reclosure Labels"},"content":{"rendered":"<div data-elementor-type=\"wp-page\" data-elementor-id=\"120520\" class=\"elementor elementor-120520\" data-elementor-post-type=\"page\">\n\t\t\t\t<div class=\"elementor-element elementor-element-37e2a5e8 e-flex e-con-boxed e-con e-parent\" data-id=\"37e2a5e8\" data-element_type=\"container\" data-e-type=\"container\" data-settings=\"{&quot;background_background&quot;:&quot;gradient&quot;}\">\n\t\t\t\t\t<div class=\"e-con-inner\">\n\t\t\t\t<div class=\"elementor-element elementor-element-5385bfd7 elementor-widget elementor-widget-heading\" data-id=\"5385bfd7\" data-element_type=\"widget\" data-e-type=\"widget\" data-widget_type=\"heading.default\">\n\t\t\t\t<div class=\"elementor-widget-container\">\n\t\t\t\t\t<h1 class=\"elementor-heading-title elementor-size-default\">Etichete reclosure autoadezive<\/h1>\t\t\t\t<\/div>\n\t\t\t\t<\/div>\n\t\t\t\t<div class=\"elementor-element elementor-element-41d191e3 elementor-widget-divider--view-line_text elementor-widget-divider--element-align-center elementor-widget elementor-widget-divider\" data-id=\"41d191e3\" data-element_type=\"widget\" data-e-type=\"widget\" data-widget_type=\"divider.default\">\n\t\t\t\t<div class=\"elementor-widget-container\">\n\t\t\t\t\t\t\t<div class=\"elementor-divider\">\n\t\t\t<span class=\"elementor-divider-separator\">\n\t\t\t\t\t\t\t<span class=\"elementor-divider__text elementor-divider__element\">\n\t\t\t\tLabel Print - Print House\t\t\t\t<\/span>\n\t\t\t\t\t\t<\/span>\n\t\t<\/div>\n\t\t\t\t\t\t<\/div>\n\t\t\t\t<\/div>\n\t\t\t\t<div class=\"elementor-element elementor-element-15092f29 elementor-widget elementor-widget-text-editor\" data-id=\"15092f29\" data-element_type=\"widget\" data-e-type=\"widget\" data-widget_type=\"text-editor.default\">\n\t\t\t\t<div class=\"elementor-widget-container\">\n\t\t\t\t\t\t\t\t\t<p><strong>Etichetele reclosure<\/strong> reprezint\u0103 o solu\u021bie inovativ\u0103 pentru industriile care necesit\u0103 <strong>ambalaje reutilizabile,<\/strong> oferind o <strong>\u00eenchidere ermetic\u0103<\/strong> cu posibilitatea de a fi <em><strong>deschise \u0219i \u00eenchise repetat<\/strong><\/em>, f\u0103r\u0103 a compromite siguran\u021ba produsului. Datorit\u0103 <strong>tehnologiei avansate<\/strong> de fabricare \u0219i materialelor de <strong>calitate superioar\u0103<\/strong>, etichetele reclosure asigur\u0103 o aderen\u021b\u0103 excelent\u0103 pe diverse tipuri de ambalaje \u0219i <strong>pot fi utilizate \u00een mod repetat<\/strong>, f\u0103r\u0103 a l\u0103sa urme sau deteriora suprafa\u021ba. Aceste etichete sunt ideale pentru industrii precum<strong> alimentar\u0103, farmaceutic\u0103, cosmetic\u0103<\/strong> sau alte sectoare care necesit\u0103 controlul integrit\u0103\u021bii produselor pe <strong>\u00eentreaga durat\u0103 de utilizare.<\/strong><\/p>\t\t\t\t\t\t\t\t<\/div>\n\t\t\t\t<\/div>\n\t\t\t\t\t<\/div>\n\t\t\t\t<\/div>\n\t\t<div class=\"elementor-element elementor-element-39cba95 e-flex e-con-boxed e-con e-parent\" data-id=\"39cba95\" data-element_type=\"container\" data-e-type=\"container\">\n\t\t\t\t\t<div class=\"e-con-inner\">\n\t\t<div class=\"elementor-element elementor-element-4f609cb e-con-full e-flex e-con e-child\" data-id=\"4f609cb\" data-element_type=\"container\" data-e-type=\"container\">\n\t\t\t\t<div class=\"elementor-element elementor-element-c5d02bb elementor-cta--skin-classic elementor-animated-content elementor-bg-transform elementor-bg-transform-zoom-in elementor-widget elementor-widget-call-to-action\" data-id=\"c5d02bb\" data-element_type=\"widget\" data-e-type=\"widget\" data-widget_type=\"call-to-action.default\">\n\t\t\t\t<div class=\"elementor-widget-container\">\n\t\t\t\t\t\t\t<div class=\"elementor-cta\">\n\t\t\t\t\t<div class=\"elementor-cta__bg-wrapper\">\n\t\t\t\t<div class=\"elementor-cta__bg elementor-bg\" style=\"background-image: url(https:\/\/www.labelprint.ro\/wp-content\/uploads\/2024\/07\/reclosure1.jpg);\" role=\"img\" aria-label=\"etichete reclosure\"><\/div>\n\t\t\t\t<div class=\"elementor-cta__bg-overlay\"><\/div>\n\t\t\t<\/div>\n\t\t\t\t\t\t\t<div class=\"elementor-cta__content\">\n\t\t\t\t\n\t\t\t\t\t\t\t\t\t<h2 class=\"elementor-cta__title elementor-cta__content-item elementor-content-item\">\n\t\t\t\t\t\tEtichete autoadezive reclosure - resigilabile pentru utilizare repetata\t\t\t\t\t<\/h2>\n\t\t\t\t\n\t\t\t\t\t\t\t\t\t<div class=\"elementor-cta__description elementor-cta__content-item elementor-content-item\">\n\t\t\t\t\t\t<strong>Aceste <em>etichete autoadezive tip reclosure reutilizabile<\/em><\/strong> a fost conceputa pentru\u00a0<strong>cicluri repetate<\/strong>\u00a0de dezlipiri-lipiri, si este parte integranta din\u00a0<strong>strategia de produs<\/strong>, intrucat sustine misiunea de protectie exercitata de\u00a0<strong>ambalaj<\/strong>\u00a0si ofera o\u00a0<strong>modalitate convenabila<\/strong>\u00a0de a\u00a0<strong>pastra prospetimea<\/strong>\u00a0si caracteristicile de calitate, dar si de a\u00a0<strong>promova marca<\/strong>\u00a0in acelasi timp.<br \/><br \/>\n\nAparitia\u00a0<strong>etichetelor reclosure<\/strong>\u00a0a deschis literalmente\u00a0<strong>noi posibilitati<\/strong>\u00a0de a dezvolta functionalitatea produselor in\u00a0<strong>domeniul produselor cosmetice<\/strong>,\u00a0<strong>medicale, alimentare si de curatenie<\/strong>, datorita investitiilor in\u00a0<strong>materiale rezistente si adezivi speciali<\/strong>, devenind astfel o emblema a rentabilitatii.\t\t\t\t\t<\/div>\n\t\t\t\t\n\t\t\t\t\t\t\t<\/div>\n\t\t\t\t\t\t<\/div>\n\t\t\t\t\t\t<\/div>\n\t\t\t\t<\/div>\n\t\t\t\t<\/div>\n\t\t<div class=\"elementor-element elementor-element-0bb4dcb e-con-full e-flex e-con e-child\" data-id=\"0bb4dcb\" data-element_type=\"container\" data-e-type=\"container\">\n\t\t\t\t<div class=\"elementor-element elementor-element-6e78e21 elementor-cta--skin-classic elementor-animated-content elementor-bg-transform elementor-bg-transform-zoom-in elementor-widget elementor-widget-call-to-action\" data-id=\"6e78e21\" data-element_type=\"widget\" data-e-type=\"widget\" data-widget_type=\"call-to-action.default\">\n\t\t\t\t<div class=\"elementor-widget-container\">\n\t\t\t\t\t\t\t<div class=\"elementor-cta\">\n\t\t\t\t\t<div class=\"elementor-cta__bg-wrapper\">\n\t\t\t\t<div class=\"elementor-cta__bg elementor-bg\" style=\"background-image: url(https:\/\/www.labelprint.ro\/wp-content\/uploads\/2024\/07\/etichete-autocolante-de-pret2.jpg);\" role=\"img\" aria-label=\"etichete-autocolante-de-pret2\"><\/div>\n\t\t\t\t<div class=\"elementor-cta__bg-overlay\"><\/div>\n\t\t\t<\/div>\n\t\t\t\t\t\t\t<div class=\"elementor-cta__content\">\n\t\t\t\t\n\t\t\t\t\t\t\t\t\t<h2 class=\"elementor-cta__title elementor-cta__content-item elementor-content-item\">\n\t\t\t\t\t\tEtichete reutilizabile pentru pastrarea prospe\u021bimii produselor\t\t\t\t\t<\/h2>\n\t\t\t\t\n\t\t\t\t\t\t\t\t\t<div class=\"elementor-cta__description elementor-cta__content-item elementor-content-item\">\n\t\t\t\t\t\t<strong>Piesa de rezistenta<\/strong>\u00a0a produselor care utilizeaza\u00a0<strong><em>customized <\/em>reclosure<em> resigilabile<\/em> autocolante<\/strong>\u00a0is\u00a0<strong>adezivul<\/strong>. Conditia de baza este sa fie rezistent la elementele din\u00a0<strong>compozitia pachetului<\/strong>, precum apa,\u00a0<strong>esentele de parfum<\/strong>,\u00a0<strong>uleiurile<\/strong>\u00a0sau alte chimicale cu care intra in contact. Aceasta proprietate a determinat un\u00a0<strong>boom de vanzari<\/strong>\u00a0in\u00a0<strong>industria dedicata ingrijirii pielii<\/strong>\u00a0atat adultilor cat mai ales a copiilor, unde s-a raspandit la nivel viral prin usurinta utilizarii.<br \/><br \/>\n\nIn\u00a0<strong>domeniul alimentar<\/strong>,\u00a0<strong>etichetele reclosure autocolante<\/strong>\u00a0au creat noi standarde de pastrare a prospetimii, fiind preponderent solicitate pentru\u00a0<strong>produsele ce permit reutilizari<\/strong>\u00a0ulterioare precum\u00a0<strong>orezul, ceaiul si cafeaua<\/strong>.\t\t\t\t\t<\/div>\n\t\t\t\t\n\t\t\t\t\t\t\t<\/div>\n\t\t\t\t\t\t<\/div>\n\t\t\t\t\t\t<\/div>\n\t\t\t\t<\/div>\n\t\t\t\t<\/div>\n\t\t\t\t\t<\/div>\n\t\t\t\t<\/div>\n\t\t<div class=\"elementor-element elementor-element-6d9f24fb e-flex e-con-boxed e-con e-parent\" data-id=\"6d9f24fb\" data-element_type=\"container\" data-e-type=\"container\" data-settings=\"{&quot;background_background&quot;:&quot;classic&quot;}\">\n\t\t\t\t\t<div class=\"e-con-inner\">\n\t\t\t\t<div class=\"elementor-element elementor-element-110b0532 elementor-widget elementor-widget-heading\" data-id=\"110b0532\" data-element_type=\"widget\" data-e-type=\"widget\" data-widget_type=\"heading.default\">\n\t\t\t\t<div class=\"elementor-widget-container\">\n\t\t\t\t\t<h2 class=\"elementor-heading-title elementor-size-default\">Custom solutions for any business<\/h2>\t\t\t\t<\/div>\n\t\t\t\t<\/div>\n\t\t\t\t<div class=\"elementor-element elementor-element-298a11c5 elementor-widget elementor-widget-heading\" data-id=\"298a11c5\" data-element_type=\"widget\" data-e-type=\"widget\" data-widget_type=\"heading.default\">\n\t\t\t\t<div class=\"elementor-widget-container\">\n\t\t\t\t\t<h2 class=\"elementor-heading-title elementor-size-default\"><a href=\"https:\/\/www.labelprint.ro\/en\/contact\/\">For more details.<br \/>\nif you want to say hello, click here.<\/a><\/h2>\t\t\t\t<\/div>\n\t\t\t\t<\/div>\n\t\t\t\t<div class=\"elementor-element elementor-element-ad1057e elementor-align-center elementor-widget elementor-widget-button\" data-id=\"ad1057e\" data-element_type=\"widget\" data-e-type=\"widget\" data-widget_type=\"button.default\">\n\t\t\t\t<div class=\"elementor-widget-container\">\n\t\t\t\t\t\t\t\t\t<div class=\"elementor-button-wrapper\">\n\t\t\t\t\t<a class=\"elementor-button elementor-button-link elementor-size-sm elementor-animation-grow\" href=\"https:\/\/www.labelprint.ro\/en\/contact\/\">\n\t\t\t\t\t\t<span class=\"elementor-button-content-wrapper\">\n\t\t\t\t\t\t\t\t\t<span class=\"elementor-button-text\">CONTACT US<\/span>\n\t\t\t\t\t<\/span>\n\t\t\t\t\t<\/a>\n\t\t\t\t<\/div>\n\t\t\t\t\t\t\t\t<\/div>\n\t\t\t\t<\/div>\n\t\t\t\t\t<\/div>\n\t\t\t\t<\/div>\n\t\t\t\t<\/div>","protected":false},"excerpt":{"rendered":"<p>Etichete reclosure autoadezive Tipografia Label Print Etichetele reclosure reprezint\u0103 o solu\u021bie inovativ\u0103 pentru industriile care necesit\u0103 ambalaje reutilizabile, oferind o \u00eenchidere ermetic\u0103 cu posibilitatea de a fi deschise \u0219i \u00eenchise repetat, f\u0103r\u0103 a compromite siguran\u021ba produsului. Datorit\u0103 tehnologiei avansate de fabricare \u0219i materialelor de calitate superioar\u0103, etichetele reclosure asigur\u0103 o aderen\u021b\u0103 excelent\u0103 pe diverse tipuri [&hellip;]<\/p>\n","protected":false},"author":2,"featured_media":0,"parent":0,"menu_order":0,"comment_status":"closed","ping_status":"closed","template":"elementor_header_footer","meta":{"footnotes":""},"class_list":["post-120520","page","type-page","status-publish","hentry"],"yoast_head":"<!-- This site is optimized with the Yoast SEO Premium plugin v27.4 (Yoast SEO v27.4) - https:\/\/yoast.com\/product\/yoast-seo-premium-wordpress\/ -->\n<title>Etichete autoadezive reclosure - reutilizabile - resigilabile<\/title>\n<meta name=\"description\" content=\"Solutii de etichetare pentru utilizare repetata, etichete autoadezive reclosure sau resigilabile perfecte pentru reutilizare\" \/>\n<meta name=\"robots\" content=\"noindex, follow, max-snippet:-1, max-image-preview:large, max-video-preview:-1\" \/>\n<meta property=\"og:locale\" content=\"en_GB\" \/>\n<meta property=\"og:type\" content=\"article\" \/>\n<meta property=\"og:title\" content=\"Etichete reclosure - reutilizabile, utilizare repetata - resigilabile\" \/>\n<meta property=\"og:description\" content=\"Descoper\u0103 etichete reclosure - resigilabile - reutilizabile, perfecte pentru ambalaje care necesit\u0103 resigilare. Oferim solu\u021bii autoadezive de \u00eenalt\u0103 calitate pentru p\u0103strarea prospe\u021bimii \u0219i protec\u021bia produselor.\" \/>\n<meta property=\"og:url\" content=\"https:\/\/www.labelprint.ro\/en\/etichete-reclosure\/\" \/>\n<meta property=\"og:site_name\" content=\"Label Print\" \/>\n<meta property=\"article:publisher\" content=\"https:\/\/www.facebook.com\/LabelPrintShop\" \/>\n<meta property=\"article:modified_time\" content=\"2025-04-01T13:10:01+00:00\" \/>\n<meta property=\"og:image\" content=\"https:\/\/www.labelprint.ro\/wp-content\/uploads\/2024\/07\/reclosure1-1-1-1.jpg\" \/>\n\t<meta property=\"og:image:width\" content=\"500\" \/>\n\t<meta property=\"og:image:height\" content=\"500\" \/>\n\t<meta property=\"og:image:type\" content=\"image\/jpeg\" \/>\n<meta name=\"twitter:card\" content=\"summary_large_image\" \/>\n<meta name=\"twitter:title\" content=\"Etichete reclosure\" \/>\n<meta name=\"twitter:label1\" content=\"Estimated reading time\" \/>\n\t<meta name=\"twitter:data1\" content=\"2 minutes\" \/>\n<script type=\"application\/ld+json\" class=\"yoast-schema-graph\">{\"@context\":\"https:\\\/\\\/schema.org\",\"@graph\":[{\"@type\":\"WebPage\",\"@id\":\"https:\\\/\\\/www.labelprint.ro\\\/etichete-reclosure\\\/\",\"url\":\"https:\\\/\\\/www.labelprint.ro\\\/etichete-reclosure\\\/\",\"name\":\"Etichete autoadezive reclosure - reutilizabile - resigilabile\",\"isPartOf\":{\"@id\":\"https:\\\/\\\/www.labelprint.ro\\\/ro\\\/#website\"},\"datePublished\":\"2024-08-09T14:14:14+00:00\",\"dateModified\":\"2025-04-01T13:10:01+00:00\",\"description\":\"Solutii de etichetare pentru utilizare repetata, etichete autoadezive reclosure sau resigilabile perfecte pentru reutilizare\",\"breadcrumb\":{\"@id\":\"https:\\\/\\\/www.labelprint.ro\\\/etichete-reclosure\\\/#breadcrumb\"},\"inLanguage\":\"en-GB\",\"potentialAction\":[{\"@type\":\"ReadAction\",\"target\":[\"https:\\\/\\\/www.labelprint.ro\\\/etichete-reclosure\\\/\"]}]},{\"@type\":\"BreadcrumbList\",\"@id\":\"https:\\\/\\\/www.labelprint.ro\\\/etichete-reclosure\\\/#breadcrumb\",\"itemListElement\":[{\"@type\":\"ListItem\",\"position\":1,\"name\":\"Prima pagin\u0103\",\"item\":\"https:\\\/\\\/www.labelprint.ro\\\/ro\\\/\"},{\"@type\":\"ListItem\",\"position\":2,\"name\":\"Etichete reclosure\"}]},{\"@type\":\"WebSite\",\"@id\":\"https:\\\/\\\/www.labelprint.ro\\\/ro\\\/#website\",\"url\":\"https:\\\/\\\/www.labelprint.ro\\\/ro\\\/\",\"name\":\"Label Print\",\"description\":\"Tipografie Etichete Autoadezive\",\"publisher\":{\"@id\":\"https:\\\/\\\/www.labelprint.ro\\\/ro\\\/#organization\"},\"potentialAction\":[{\"@type\":\"SearchAction\",\"target\":{\"@type\":\"EntryPoint\",\"urlTemplate\":\"https:\\\/\\\/www.labelprint.ro\\\/ro\\\/?s={search_term_string}\"},\"query-input\":{\"@type\":\"PropertyValueSpecification\",\"valueRequired\":true,\"valueName\":\"search_term_string\"}}],\"inLanguage\":\"en-GB\"},{\"@type\":\"Organization\",\"@id\":\"https:\\\/\\\/www.labelprint.ro\\\/ro\\\/#organization\",\"name\":\"Label Print\",\"url\":\"https:\\\/\\\/www.labelprint.ro\\\/ro\\\/\",\"logo\":{\"@type\":\"ImageObject\",\"inLanguage\":\"en-GB\",\"@id\":\"https:\\\/\\\/www.labelprint.ro\\\/ro\\\/#\\\/schema\\\/logo\\\/image\\\/\",\"url\":\"https:\\\/\\\/www.labelprint.ro\\\/wp-content\\\/uploads\\\/2024\\\/07\\\/Label-Print_logo.png\",\"contentUrl\":\"https:\\\/\\\/www.labelprint.ro\\\/wp-content\\\/uploads\\\/2024\\\/07\\\/Label-Print_logo.png\",\"width\":1034,\"height\":373,\"caption\":\"Label Print\"},\"image\":{\"@id\":\"https:\\\/\\\/www.labelprint.ro\\\/ro\\\/#\\\/schema\\\/logo\\\/image\\\/\"},\"sameAs\":[\"https:\\\/\\\/www.facebook.com\\\/LabelPrintShop\"],\"email\":\"office@labelprint.ro\",\"telephone\":\"+40213173385\",\"foundingDate\":\"2001-01-22\",\"duns\":\"682328059\",\"numberOfEmployees\":{\"@type\":\"QuantitativeValue\",\"minValue\":\"11\",\"maxValue\":\"50\"}}]}<\/script>\n<!-- \/ Yoast SEO Premium plugin. -->","yoast_head_json":{"title":"Etichete autoadezive reclosure - reutilizabile - resigilabile","description":"Solutii de etichetare pentru utilizare repetata, etichete autoadezive reclosure sau resigilabile perfecte pentru reutilizare","robots":{"index":"noindex","follow":"follow","max-snippet":"max-snippet:-1","max-image-preview":"max-image-preview:large","max-video-preview":"max-video-preview:-1"},"og_locale":"en_GB","og_type":"article","og_title":"Etichete reclosure - reutilizabile, utilizare repetata - resigilabile","og_description":"Descoper\u0103 etichete reclosure - resigilabile - reutilizabile, perfecte pentru ambalaje care necesit\u0103 resigilare. Oferim solu\u021bii autoadezive de \u00eenalt\u0103 calitate pentru p\u0103strarea prospe\u021bimii \u0219i protec\u021bia produselor.","og_url":"https:\/\/www.labelprint.ro\/en\/etichete-reclosure\/","og_site_name":"Label Print","article_publisher":"https:\/\/www.facebook.com\/LabelPrintShop","article_modified_time":"2025-04-01T13:10:01+00:00","og_image":[{"width":500,"height":500,"url":"https:\/\/www.labelprint.ro\/wp-content\/uploads\/2024\/07\/reclosure1-1-1-1.jpg","type":"image\/jpeg"}],"twitter_card":"summary_large_image","twitter_title":"Etichete reclosure","twitter_misc":{"Estimated reading time":"2 minutes"},"schema":{"@context":"https:\/\/schema.org","@graph":[{"@type":"WebPage","@id":"https:\/\/www.labelprint.ro\/etichete-reclosure\/","url":"https:\/\/www.labelprint.ro\/etichete-reclosure\/","name":"Etichete autoadezive reclosure - reutilizabile - resigilabile","isPartOf":{"@id":"https:\/\/www.labelprint.ro\/ro\/#website"},"datePublished":"2024-08-09T14:14:14+00:00","dateModified":"2025-04-01T13:10:01+00:00","description":"Solutii de etichetare pentru utilizare repetata, etichete autoadezive reclosure sau resigilabile perfecte pentru reutilizare","breadcrumb":{"@id":"https:\/\/www.labelprint.ro\/etichete-reclosure\/#breadcrumb"},"inLanguage":"en-GB","potentialAction":[{"@type":"ReadAction","target":["https:\/\/www.labelprint.ro\/etichete-reclosure\/"]}]},{"@type":"BreadcrumbList","@id":"https:\/\/www.labelprint.ro\/etichete-reclosure\/#breadcrumb","itemListElement":[{"@type":"ListItem","position":1,"name":"Prima pagin\u0103","item":"https:\/\/www.labelprint.ro\/ro\/"},{"@type":"ListItem","position":2,"name":"Etichete reclosure"}]},{"@type":"WebSite","@id":"https:\/\/www.labelprint.ro\/ro\/#website","url":"https:\/\/www.labelprint.ro\/ro\/","name":"Label Print","description":"Tipografie Etichete Autoadezive","publisher":{"@id":"https:\/\/www.labelprint.ro\/ro\/#organization"},"potentialAction":[{"@type":"SearchAction","target":{"@type":"EntryPoint","urlTemplate":"https:\/\/www.labelprint.ro\/ro\/?s={search_term_string}"},"query-input":{"@type":"PropertyValueSpecification","valueRequired":true,"valueName":"search_term_string"}}],"inLanguage":"en-GB"},{"@type":"Organization","@id":"https:\/\/www.labelprint.ro\/ro\/#organization","name":"Label Print","url":"https:\/\/www.labelprint.ro\/ro\/","logo":{"@type":"ImageObject","inLanguage":"en-GB","@id":"https:\/\/www.labelprint.ro\/ro\/#\/schema\/logo\/image\/","url":"https:\/\/www.labelprint.ro\/wp-content\/uploads\/2024\/07\/Label-Print_logo.png","contentUrl":"https:\/\/www.labelprint.ro\/wp-content\/uploads\/2024\/07\/Label-Print_logo.png","width":1034,"height":373,"caption":"Label Print"},"image":{"@id":"https:\/\/www.labelprint.ro\/ro\/#\/schema\/logo\/image\/"},"sameAs":["https:\/\/www.facebook.com\/LabelPrintShop"],"email":"office@labelprint.ro","telephone":"+40213173385","foundingDate":"2001-01-22","duns":"682328059","numberOfEmployees":{"@type":"QuantitativeValue","minValue":"11","maxValue":"50"}}]}},"_links":{"self":[{"href":"https:\/\/www.labelprint.ro\/en\/wp-json\/wp\/v2\/pages\/120520","targetHints":{"allow":["GET"]}}],"collection":[{"href":"https:\/\/www.labelprint.ro\/en\/wp-json\/wp\/v2\/pages"}],"about":[{"href":"https:\/\/www.labelprint.ro\/en\/wp-json\/wp\/v2\/types\/page"}],"author":[{"embeddable":true,"href":"https:\/\/www.labelprint.ro\/en\/wp-json\/wp\/v2\/users\/2"}],"replies":[{"embeddable":true,"href":"https:\/\/www.labelprint.ro\/en\/wp-json\/wp\/v2\/comments?post=120520"}],"version-history":[{"count":31,"href":"https:\/\/www.labelprint.ro\/en\/wp-json\/wp\/v2\/pages\/120520\/revisions"}],"predecessor-version":[{"id":124097,"href":"https:\/\/www.labelprint.ro\/en\/wp-json\/wp\/v2\/pages\/120520\/revisions\/124097"}],"wp:attachment":[{"href":"https:\/\/www.labelprint.ro\/en\/wp-json\/wp\/v2\/media?parent=120520"}],"curies":[{"name":"wp","href":"https:\/\/api.w.org\/{rel}","templated":true}]}}