{"id":120480,"date":"2024-08-08T11:03:33","date_gmt":"2024-08-08T08:03:33","guid":{"rendered":"https:\/\/www.labelprint.ro\/?page_id=120480"},"modified":"2025-04-15T11:50:20","modified_gmt":"2025-04-15T08:50:20","slug":"etichete-autocolante-neimprimate","status":"publish","type":"page","link":"https:\/\/www.labelprint.ro\/en\/etichete-autocolante-neimprimate\/","title":{"rendered":"Unprinted Self-Adhesive Labels"},"content":{"rendered":"<div data-elementor-type=\"wp-page\" data-elementor-id=\"120480\" class=\"elementor elementor-120480\" data-elementor-post-type=\"page\">\n\t\t\t\t<div class=\"elementor-element elementor-element-f779157 e-flex e-con-boxed e-con e-parent\" data-id=\"f779157\" data-element_type=\"container\" data-e-type=\"container\" data-settings=\"{&quot;background_background&quot;:&quot;gradient&quot;}\">\n\t\t\t\t\t<div class=\"e-con-inner\">\n\t\t\t\t<div class=\"elementor-element elementor-element-39bc9bc elementor-widget elementor-widget-heading\" data-id=\"39bc9bc\" data-element_type=\"widget\" data-e-type=\"widget\" data-widget_type=\"heading.default\">\n\t\t\t\t<div class=\"elementor-widget-container\">\n\t\t\t\t\t<h1 class=\"elementor-heading-title elementor-size-default\">Unprinted Self-Adhesive Labels<\/h1>\t\t\t\t<\/div>\n\t\t\t\t<\/div>\n\t\t\t\t<div class=\"elementor-element elementor-element-b6c916f elementor-widget-divider--view-line_text elementor-widget-divider--element-align-center elementor-widget elementor-widget-divider\" data-id=\"b6c916f\" data-element_type=\"widget\" data-e-type=\"widget\" data-widget_type=\"divider.default\">\n\t\t\t\t<div class=\"elementor-widget-container\">\n\t\t\t\t\t\t\t<div class=\"elementor-divider\">\n\t\t\t<span class=\"elementor-divider-separator\">\n\t\t\t\t\t\t\t<span class=\"elementor-divider__text elementor-divider__element\">\n\t\t\t\tLabel Print - Print House\t\t\t\t<\/span>\n\t\t\t\t\t\t<\/span>\n\t\t<\/div>\n\t\t\t\t\t\t<\/div>\n\t\t\t\t<\/div>\n\t\t\t\t<div class=\"elementor-element elementor-element-fa61bdc elementor-widget elementor-widget-text-editor\" data-id=\"fa61bdc\" data-element_type=\"widget\" data-e-type=\"widget\" data-widget_type=\"text-editor.default\">\n\t\t\t\t<div class=\"elementor-widget-container\">\n\t\t\t\t\t\t\t\t\t<p>Etichetele<strong> autocolante neimprimate<\/strong> reprezint\u0103 o solu\u021bie ideal\u0103 pentru o gam\u0103 larg\u0103 de aplica\u021bii, fiind disponibile \u00eentr-o<strong> varietate de substraturi, dimensiuni \u0219i forme<\/strong>. Acestea sunt perfect adaptate pentru imprimare personalizat\u0103, fiind compatibile cu <strong>imprimante termice directe \u0219i cu transfer termic.<\/strong> Disponibile at\u00e2t pe role pentru <strong>utilizare industrial\u0103<\/strong>, c\u00e2t \u0219i \u00een coli pentru <strong>imprimante desktop<\/strong>, etichetele neimprimate sunt eficient utilizate \u00een multiple industrii, oferind posibilitatea de a r\u0103spunde cu precizie cerin\u021belor specifice fiec\u0103rui proiect.<\/p>\t\t\t\t\t\t\t\t<\/div>\n\t\t\t\t<\/div>\n\t\t\t\t\t<\/div>\n\t\t\t\t<\/div>\n\t\t<div class=\"elementor-element elementor-element-fc231a2 e-flex e-con-boxed e-con e-parent\" data-id=\"fc231a2\" data-element_type=\"container\" data-e-type=\"container\">\n\t\t\t\t\t<div class=\"e-con-inner\">\n\t\t<div class=\"elementor-element elementor-element-4f1e992 e-con-full e-flex e-con e-child\" data-id=\"4f1e992\" data-element_type=\"container\" data-e-type=\"container\">\n\t\t\t\t<div class=\"elementor-element elementor-element-f4aa369 elementor-cta--skin-classic elementor-animated-content elementor-bg-transform elementor-bg-transform-zoom-in elementor-widget elementor-widget-call-to-action\" data-id=\"f4aa369\" data-element_type=\"widget\" data-e-type=\"widget\" data-widget_type=\"call-to-action.default\">\n\t\t\t\t<div class=\"elementor-widget-container\">\n\t\t\t\t\t\t\t<div class=\"elementor-cta\">\n\t\t\t\t\t<div class=\"elementor-cta__bg-wrapper\">\n\t\t\t\t<div class=\"elementor-cta__bg elementor-bg\" style=\"background-image: url(https:\/\/www.labelprint.ro\/wp-content\/uploads\/2025\/02\/etichte.jpg);\" role=\"img\" aria-label=\"etichte\"><\/div>\n\t\t\t\t<div class=\"elementor-cta__bg-overlay\"><\/div>\n\t\t\t<\/div>\n\t\t\t\t\t\t\t<div class=\"elementor-cta__content\">\n\t\t\t\t\n\t\t\t\t\t\t\t\t\t<h2 class=\"elementor-cta__title elementor-cta__content-item elementor-content-item\">\n\t\t\t\t\t\tEtichete autocolante in rola\t\t\t\t\t<\/h2>\n\t\t\t\t\n\t\t\t\t\t\t\t\t\t<div class=\"elementor-cta__description elementor-cta__content-item elementor-content-item\">\n\t\t\t\t\t\t<strong><i>Stickers<\/i><\/strong> neimprimate\u00a0sunt preferate pe piata datorita printabilitatii exemplare, sustinuta printr-o\u00a0diversitate de substraturi, dimensiuni si forme. <br \/><br \/>\n\nIn functie de aplicabilitate,\u00a0etichetele\u00a0se impart in doua cateogorii:\u00a0direct termice\u00a0si pentru\u00a0transfer termic.<br \/><br \/>\n\nSunt dispuse\u00a0in role, pentru\u00a0imprimari, sau in coli pentru imprimantele ink jet sau laser.<br \/><br \/>\n\nProducerea\u00a0 de etichete autocolante pentru industriale in rola sau imprimante tip desktop in coala, respectand toate specificatiile, este\u00a0specialitatea noastra.<br \/><br \/>\t\t\t\t\t<\/div>\n\t\t\t\t\n\t\t\t\t\t\t\t\t\t<div class=\"elementor-cta__button-wrapper elementor-cta__content-item elementor-content-item\">\n\t\t\t\t\t<a class=\"elementor-cta__button elementor-button elementor-size-\" href=\"https:\/\/www.labelshop.ro\/etichete-in-rola\">\n\t\t\t\t\t\tAchizitioneaza etichete in rola\t\t\t\t\t<\/a>\n\t\t\t\t\t<\/div>\n\t\t\t\t\t\t\t<\/div>\n\t\t\t\t\t\t<\/div>\n\t\t\t\t\t\t<\/div>\n\t\t\t\t<\/div>\n\t\t\t\t<\/div>\n\t\t<div class=\"elementor-element elementor-element-1e070ce e-con-full e-flex e-con e-child\" data-id=\"1e070ce\" data-element_type=\"container\" data-e-type=\"container\">\n\t\t\t\t<div class=\"elementor-element elementor-element-b68ca90 elementor-cta--skin-classic elementor-animated-content elementor-bg-transform elementor-bg-transform-zoom-in elementor-widget elementor-widget-call-to-action\" data-id=\"b68ca90\" data-element_type=\"widget\" data-e-type=\"widget\" data-widget_type=\"call-to-action.default\">\n\t\t\t\t<div class=\"elementor-widget-container\">\n\t\t\t\t\t\t\t<div class=\"elementor-cta\">\n\t\t\t\t\t<div class=\"elementor-cta__bg-wrapper\">\n\t\t\t\t<div class=\"elementor-cta__bg elementor-bg\" style=\"background-image: url(https:\/\/www.labelprint.ro\/wp-content\/uploads\/2024\/07\/neimprimate-pg1-1.jpg);\" role=\"img\" aria-label=\"etichete autoadezive in coala\"><\/div>\n\t\t\t\t<div class=\"elementor-cta__bg-overlay\"><\/div>\n\t\t\t<\/div>\n\t\t\t\t\t\t\t<div class=\"elementor-cta__content\">\n\t\t\t\t\n\t\t\t\t\t\t\t\t\t<h2 class=\"elementor-cta__title elementor-cta__content-item elementor-content-item\">\n\t\t\t\t\t\tEtichete autoadezive in coala\t\t\t\t\t<\/h2>\n\t\t\t\t\n\t\t\t\t\t\t\t\t\t<div class=\"elementor-cta__description elementor-cta__content-item elementor-content-item\">\n\t\t\t\t\t\tPrincipalii beneficiari ai\u00a0etichetelor direct-termice\u00a0sunt\u00a0firmele de logistica si depozitele de materiale, pentru identificarea produselor, managementul inventarierii, urmarirea rutelor de distributie, citirea\u00a0codurilor de bare\u00a0si alte aplicatii.<br \/><br \/>\n\n<strong><i>Self-adhesive labels<\/i><\/strong> pentru imprimare cu ribon se remarca prin durabilitate ridicata, calitatea imprimarii fiind superioara. <br \/><br \/>\n\nLibertatea de a alege dintre cele peste\u00a01500 de stante disponibile\u00a0cu forme si dimensiuni diferite la Label Print,\u00a0imprima etichetelor calitatea de a avea orice forma\u00a0(rectangulare, rotunde, eliptice sau speciale), corespunzator cerintelor clientilor.<br \/><br \/>\t\t\t\t\t<\/div>\n\t\t\t\t\n\t\t\t\t\t\t\t\t\t<div class=\"elementor-cta__button-wrapper elementor-cta__content-item elementor-content-item\">\n\t\t\t\t\t<a class=\"elementor-cta__button elementor-button elementor-size-\" href=\"https:\/\/www.labelshop.ro\/etichete-autoadezive-a4\">\n\t\t\t\t\t\tAchizitioneaza etichete in coala\t\t\t\t\t<\/a>\n\t\t\t\t\t<\/div>\n\t\t\t\t\t\t\t<\/div>\n\t\t\t\t\t\t<\/div>\n\t\t\t\t\t\t<\/div>\n\t\t\t\t<\/div>\n\t\t\t\t<\/div>\n\t\t\t\t\t<\/div>\n\t\t\t\t<\/div>\n\t\t<div class=\"elementor-element elementor-element-12aa6a75 e-flex e-con-boxed e-con e-parent\" data-id=\"12aa6a75\" data-element_type=\"container\" data-e-type=\"container\" data-settings=\"{&quot;background_background&quot;:&quot;classic&quot;}\">\n\t\t\t\t\t<div class=\"e-con-inner\">\n\t\t\t\t<div class=\"elementor-element elementor-element-6547e191 elementor-widget elementor-widget-heading\" data-id=\"6547e191\" data-element_type=\"widget\" data-e-type=\"widget\" data-widget_type=\"heading.default\">\n\t\t\t\t<div class=\"elementor-widget-container\">\n\t\t\t\t\t<h2 class=\"elementor-heading-title elementor-size-default\">Custom solutions for any business<\/h2>\t\t\t\t<\/div>\n\t\t\t\t<\/div>\n\t\t\t\t<div class=\"elementor-element elementor-element-503aa0a2 elementor-widget elementor-widget-heading\" data-id=\"503aa0a2\" data-element_type=\"widget\" data-e-type=\"widget\" data-widget_type=\"heading.default\">\n\t\t\t\t<div class=\"elementor-widget-container\">\n\t\t\t\t\t<h2 class=\"elementor-heading-title elementor-size-default\"><a href=\"https:\/\/www.labelprint.ro\/en\/contact\/\">For more details.<br \/>\nif you want to say hello, click here.<\/a><\/h2>\t\t\t\t<\/div>\n\t\t\t\t<\/div>\n\t\t\t\t<div class=\"elementor-element elementor-element-27da7d2 elementor-align-center elementor-widget elementor-widget-button\" data-id=\"27da7d2\" data-element_type=\"widget\" data-e-type=\"widget\" data-widget_type=\"button.default\">\n\t\t\t\t<div class=\"elementor-widget-container\">\n\t\t\t\t\t\t\t\t\t<div class=\"elementor-button-wrapper\">\n\t\t\t\t\t<a class=\"elementor-button elementor-button-link elementor-size-sm elementor-animation-grow\" href=\"https:\/\/www.labelprint.ro\/en\/contact\/\">\n\t\t\t\t\t\t<span class=\"elementor-button-content-wrapper\">\n\t\t\t\t\t\t\t\t\t<span class=\"elementor-button-text\">CONTACT US<\/span>\n\t\t\t\t\t<\/span>\n\t\t\t\t\t<\/a>\n\t\t\t\t<\/div>\n\t\t\t\t\t\t\t\t<\/div>\n\t\t\t\t<\/div>\n\t\t\t\t\t<\/div>\n\t\t\t\t<\/div>\n\t\t\t\t<\/div>","protected":false},"excerpt":{"rendered":"<p>Etichete autocolante neimprimate Tipografia Label Print Etichetele autocolante neimprimate reprezint\u0103 o solu\u021bie ideal\u0103 pentru o gam\u0103 larg\u0103 de aplica\u021bii, fiind disponibile \u00eentr-o varietate de substraturi, dimensiuni \u0219i forme. Acestea sunt perfect adaptate pentru imprimare personalizat\u0103, fiind compatibile cu imprimante termice directe \u0219i cu transfer termic. Disponibile at\u00e2t pe role pentru utilizare industrial\u0103, c\u00e2t \u0219i \u00een [&hellip;]<\/p>\n","protected":false},"author":2,"featured_media":0,"parent":0,"menu_order":0,"comment_status":"closed","ping_status":"closed","template":"elementor_header_footer","meta":{"footnotes":""},"class_list":["post-120480","page","type-page","status-publish","hentry"],"yoast_head":"<!-- This site is optimized with the Yoast SEO Premium plugin v27.4 (Yoast SEO v27.4) - https:\/\/yoast.com\/product\/yoast-seo-premium-wordpress\/ -->\n<title>Etichete autocolante autoadezive neimprimate nepersonalizate<\/title>\n<meta name=\"description\" content=\"Etichete autocolante nepersonalizate de calitate. Etichete autoadezive ideale pentru utiliz\u0103ri comerciale \u0219i industriale.\" \/>\n<meta name=\"robots\" content=\"noindex, follow, max-snippet:-1, max-image-preview:large, max-video-preview:-1\" \/>\n<meta property=\"og:locale\" content=\"en_GB\" \/>\n<meta property=\"og:type\" content=\"article\" \/>\n<meta property=\"og:title\" content=\"Etichete autocolante nepersonalizate\" \/>\n<meta property=\"og:description\" content=\"Descoper\u0103 etichete autocolante nepersonalizate de calitate, ideale pentru utiliz\u0103ri comerciale \u0219i industriale. Alege dintr-o varietate de etichete autoadezive potrivite pentru multiple aplica\u021bii\" \/>\n<meta property=\"og:url\" content=\"https:\/\/www.labelprint.ro\/en\/etichete-autocolante-neimprimate\/\" \/>\n<meta property=\"og:site_name\" content=\"Label Print\" \/>\n<meta property=\"article:publisher\" content=\"https:\/\/www.facebook.com\/LabelPrintShop\" \/>\n<meta property=\"article:modified_time\" content=\"2025-04-15T08:50:20+00:00\" \/>\n<meta name=\"twitter:card\" content=\"summary_large_image\" \/>\n<meta name=\"twitter:title\" content=\"Etichete autocolante neimprimate\" \/>\n<meta name=\"twitter:label1\" content=\"Estimated reading time\" \/>\n\t<meta name=\"twitter:data1\" content=\"2 minutes\" \/>\n<script type=\"application\/ld+json\" class=\"yoast-schema-graph\">{\"@context\":\"https:\\\/\\\/schema.org\",\"@graph\":[{\"@type\":\"WebPage\",\"@id\":\"https:\\\/\\\/www.labelprint.ro\\\/etichete-autocolante-neimprimate\\\/\",\"url\":\"https:\\\/\\\/www.labelprint.ro\\\/etichete-autocolante-neimprimate\\\/\",\"name\":\"Etichete autocolante autoadezive neimprimate nepersonalizate\",\"isPartOf\":{\"@id\":\"https:\\\/\\\/www.labelprint.ro\\\/ro\\\/#website\"},\"datePublished\":\"2024-08-08T08:03:33+00:00\",\"dateModified\":\"2025-04-15T08:50:20+00:00\",\"description\":\"Etichete autocolante nepersonalizate de calitate. Etichete autoadezive ideale pentru utiliz\u0103ri comerciale \u0219i industriale.\",\"breadcrumb\":{\"@id\":\"https:\\\/\\\/www.labelprint.ro\\\/etichete-autocolante-neimprimate\\\/#breadcrumb\"},\"inLanguage\":\"en-GB\",\"potentialAction\":[{\"@type\":\"ReadAction\",\"target\":[\"https:\\\/\\\/www.labelprint.ro\\\/etichete-autocolante-neimprimate\\\/\"]}]},{\"@type\":\"BreadcrumbList\",\"@id\":\"https:\\\/\\\/www.labelprint.ro\\\/etichete-autocolante-neimprimate\\\/#breadcrumb\",\"itemListElement\":[{\"@type\":\"ListItem\",\"position\":1,\"name\":\"Prima pagin\u0103\",\"item\":\"https:\\\/\\\/www.labelprint.ro\\\/ro\\\/\"},{\"@type\":\"ListItem\",\"position\":2,\"name\":\"Etichete autocolante neimprimate\"}]},{\"@type\":\"WebSite\",\"@id\":\"https:\\\/\\\/www.labelprint.ro\\\/ro\\\/#website\",\"url\":\"https:\\\/\\\/www.labelprint.ro\\\/ro\\\/\",\"name\":\"Label Print\",\"description\":\"Tipografie Etichete Autoadezive\",\"publisher\":{\"@id\":\"https:\\\/\\\/www.labelprint.ro\\\/ro\\\/#organization\"},\"potentialAction\":[{\"@type\":\"SearchAction\",\"target\":{\"@type\":\"EntryPoint\",\"urlTemplate\":\"https:\\\/\\\/www.labelprint.ro\\\/ro\\\/?s={search_term_string}\"},\"query-input\":{\"@type\":\"PropertyValueSpecification\",\"valueRequired\":true,\"valueName\":\"search_term_string\"}}],\"inLanguage\":\"en-GB\"},{\"@type\":\"Organization\",\"@id\":\"https:\\\/\\\/www.labelprint.ro\\\/ro\\\/#organization\",\"name\":\"Label Print\",\"url\":\"https:\\\/\\\/www.labelprint.ro\\\/ro\\\/\",\"logo\":{\"@type\":\"ImageObject\",\"inLanguage\":\"en-GB\",\"@id\":\"https:\\\/\\\/www.labelprint.ro\\\/ro\\\/#\\\/schema\\\/logo\\\/image\\\/\",\"url\":\"https:\\\/\\\/www.labelprint.ro\\\/wp-content\\\/uploads\\\/2024\\\/07\\\/Label-Print_logo.png\",\"contentUrl\":\"https:\\\/\\\/www.labelprint.ro\\\/wp-content\\\/uploads\\\/2024\\\/07\\\/Label-Print_logo.png\",\"width\":1034,\"height\":373,\"caption\":\"Label Print\"},\"image\":{\"@id\":\"https:\\\/\\\/www.labelprint.ro\\\/ro\\\/#\\\/schema\\\/logo\\\/image\\\/\"},\"sameAs\":[\"https:\\\/\\\/www.facebook.com\\\/LabelPrintShop\"],\"email\":\"office@labelprint.ro\",\"telephone\":\"+40213173385\",\"foundingDate\":\"2001-01-22\",\"duns\":\"682328059\",\"numberOfEmployees\":{\"@type\":\"QuantitativeValue\",\"minValue\":\"11\",\"maxValue\":\"50\"}}]}<\/script>\n<!-- \/ Yoast SEO Premium plugin. -->","yoast_head_json":{"title":"Etichete autocolante autoadezive neimprimate nepersonalizate","description":"Etichete autocolante nepersonalizate de calitate. Etichete autoadezive ideale pentru utiliz\u0103ri comerciale \u0219i industriale.","robots":{"index":"noindex","follow":"follow","max-snippet":"max-snippet:-1","max-image-preview":"max-image-preview:large","max-video-preview":"max-video-preview:-1"},"og_locale":"en_GB","og_type":"article","og_title":"Etichete autocolante nepersonalizate","og_description":"Descoper\u0103 etichete autocolante nepersonalizate de calitate, ideale pentru utiliz\u0103ri comerciale \u0219i industriale. Alege dintr-o varietate de etichete autoadezive potrivite pentru multiple aplica\u021bii","og_url":"https:\/\/www.labelprint.ro\/en\/etichete-autocolante-neimprimate\/","og_site_name":"Label Print","article_publisher":"https:\/\/www.facebook.com\/LabelPrintShop","article_modified_time":"2025-04-15T08:50:20+00:00","twitter_card":"summary_large_image","twitter_title":"Etichete autocolante neimprimate","twitter_misc":{"Estimated reading time":"2 minutes"},"schema":{"@context":"https:\/\/schema.org","@graph":[{"@type":"WebPage","@id":"https:\/\/www.labelprint.ro\/etichete-autocolante-neimprimate\/","url":"https:\/\/www.labelprint.ro\/etichete-autocolante-neimprimate\/","name":"Etichete autocolante autoadezive neimprimate nepersonalizate","isPartOf":{"@id":"https:\/\/www.labelprint.ro\/ro\/#website"},"datePublished":"2024-08-08T08:03:33+00:00","dateModified":"2025-04-15T08:50:20+00:00","description":"Etichete autocolante nepersonalizate de calitate. Etichete autoadezive ideale pentru utiliz\u0103ri comerciale \u0219i industriale.","breadcrumb":{"@id":"https:\/\/www.labelprint.ro\/etichete-autocolante-neimprimate\/#breadcrumb"},"inLanguage":"en-GB","potentialAction":[{"@type":"ReadAction","target":["https:\/\/www.labelprint.ro\/etichete-autocolante-neimprimate\/"]}]},{"@type":"BreadcrumbList","@id":"https:\/\/www.labelprint.ro\/etichete-autocolante-neimprimate\/#breadcrumb","itemListElement":[{"@type":"ListItem","position":1,"name":"Prima pagin\u0103","item":"https:\/\/www.labelprint.ro\/ro\/"},{"@type":"ListItem","position":2,"name":"Etichete autocolante neimprimate"}]},{"@type":"WebSite","@id":"https:\/\/www.labelprint.ro\/ro\/#website","url":"https:\/\/www.labelprint.ro\/ro\/","name":"Label Print","description":"Tipografie Etichete Autoadezive","publisher":{"@id":"https:\/\/www.labelprint.ro\/ro\/#organization"},"potentialAction":[{"@type":"SearchAction","target":{"@type":"EntryPoint","urlTemplate":"https:\/\/www.labelprint.ro\/ro\/?s={search_term_string}"},"query-input":{"@type":"PropertyValueSpecification","valueRequired":true,"valueName":"search_term_string"}}],"inLanguage":"en-GB"},{"@type":"Organization","@id":"https:\/\/www.labelprint.ro\/ro\/#organization","name":"Label Print","url":"https:\/\/www.labelprint.ro\/ro\/","logo":{"@type":"ImageObject","inLanguage":"en-GB","@id":"https:\/\/www.labelprint.ro\/ro\/#\/schema\/logo\/image\/","url":"https:\/\/www.labelprint.ro\/wp-content\/uploads\/2024\/07\/Label-Print_logo.png","contentUrl":"https:\/\/www.labelprint.ro\/wp-content\/uploads\/2024\/07\/Label-Print_logo.png","width":1034,"height":373,"caption":"Label Print"},"image":{"@id":"https:\/\/www.labelprint.ro\/ro\/#\/schema\/logo\/image\/"},"sameAs":["https:\/\/www.facebook.com\/LabelPrintShop"],"email":"office@labelprint.ro","telephone":"+40213173385","foundingDate":"2001-01-22","duns":"682328059","numberOfEmployees":{"@type":"QuantitativeValue","minValue":"11","maxValue":"50"}}]}},"_links":{"self":[{"href":"https:\/\/www.labelprint.ro\/en\/wp-json\/wp\/v2\/pages\/120480","targetHints":{"allow":["GET"]}}],"collection":[{"href":"https:\/\/www.labelprint.ro\/en\/wp-json\/wp\/v2\/pages"}],"about":[{"href":"https:\/\/www.labelprint.ro\/en\/wp-json\/wp\/v2\/types\/page"}],"author":[{"embeddable":true,"href":"https:\/\/www.labelprint.ro\/en\/wp-json\/wp\/v2\/users\/2"}],"replies":[{"embeddable":true,"href":"https:\/\/www.labelprint.ro\/en\/wp-json\/wp\/v2\/comments?post=120480"}],"version-history":[{"count":40,"href":"https:\/\/www.labelprint.ro\/en\/wp-json\/wp\/v2\/pages\/120480\/revisions"}],"predecessor-version":[{"id":124769,"href":"https:\/\/www.labelprint.ro\/en\/wp-json\/wp\/v2\/pages\/120480\/revisions\/124769"}],"wp:attachment":[{"href":"https:\/\/www.labelprint.ro\/en\/wp-json\/wp\/v2\/media?parent=120480"}],"curies":[{"name":"wp","href":"https:\/\/api.w.org\/{rel}","templated":true}]}}